{"id":79244,"date":"2025-09-25T00:31:28","date_gmt":"2025-09-24T21:31:28","guid":{"rendered":"https:\/\/rezekne.citro.lv\/veikals\/siers-krievijas-50-kg-rankas\/"},"modified":"2025-09-25T00:31:33","modified_gmt":"2025-09-24T21:31:33","slug":"siers-krievijas-50-kg-rankas","status":"publish","type":"product","link":"https:\/\/rezekne.citro.lv\/ru\/product\/siers-krievijas-50-kg-rankas\/","title":{"rendered":"SIERS KRIEVIJAS 45% KG RANKAS"},"content":{"rendered":"<p>Izcelsmes valsts: Latvija<br \/>Ra\u017eots: Latvija.Tauku saturs 50% Sast:pasteriz\u0113ts GOVS PIENS,p\u0101rtikas s\u0101ls, cietin\u0101t\u0101js-kalcija hlor\u012bds,piensk\u0101bes bakt\u0113riju ieraugs,ferments.Uzgl.temp.0 l\u012bdz +6<\/p>\n","protected":false},"excerpt":{"rendered":"<p>7.99 \u20ac\/KG<\/p>\n","protected":false},"featured_media":79739,"template":"","meta":{"_acf_changed":false,"inline_featured_image":false},"product_cat":[95,578],"product_tag":[],"acf":[],"aioseo_notices":[],"_links":{"self":[{"href":"https:\/\/rezekne.citro.lv\/ru\/wp-json\/wp\/v2\/product\/79244"}],"collection":[{"href":"https:\/\/rezekne.citro.lv\/ru\/wp-json\/wp\/v2\/product"}],"about":[{"href":"https:\/\/rezekne.citro.lv\/ru\/wp-json\/wp\/v2\/types\/product"}],"wp:featuredmedia":[{"embeddable":true,"href":"https:\/\/rezekne.citro.lv\/ru\/wp-json\/wp\/v2\/media\/79739"}],"wp:attachment":[{"href":"https:\/\/rezekne.citro.lv\/ru\/wp-json\/wp\/v2\/media?parent=79244"}],"wp:term":[{"taxonomy":"product_cat","embeddable":true,"href":"https:\/\/rezekne.citro.lv\/ru\/wp-json\/wp\/v2\/product_cat?post=79244"},{"taxonomy":"product_tag","embeddable":true,"href":"https:\/\/rezekne.citro.lv\/ru\/wp-json\/wp\/v2\/product_tag?post=79244"}],"curies":[{"name":"wp","href":"https:\/\/api.w.org\/{rel}","templated":true}]}}