{"id":79246,"date":"2026-05-07T00:05:08","date_gmt":"2026-05-06T21:05:08","guid":{"rendered":"https:\/\/rezekne.citro.lv\/veikals\/kekss-ar-zavetiem-augliem-siguldasm-400g\/"},"modified":"2026-05-07T06:03:43","modified_gmt":"2026-05-07T03:03:43","slug":"kekss-ar-zavetiem-augliem-siguldasm-400g","status":"publish","type":"product","link":"https:\/\/rezekne.citro.lv\/ru\/product\/kekss-ar-zavetiem-augliem-siguldasm-400g\/","title":{"rendered":"K\u0112KSS AR \u017d\u0100V\u0112TIEM AUG\u013bIEM SIGULDASM 400G"},"content":{"rendered":"<p>Izcelsmes valsts: Latvija<\/p>\n","protected":false},"excerpt":{"rendered":"<p>6.23 \u20ac\/KG<\/p>\n","protected":false},"featured_media":0,"template":"","meta":{"_acf_changed":false,"inline_featured_image":false},"product_cat":[109,110],"product_tag":[],"acf":[],"aioseo_notices":[],"_links":{"self":[{"href":"https:\/\/rezekne.citro.lv\/ru\/wp-json\/wp\/v2\/product\/79246"}],"collection":[{"href":"https:\/\/rezekne.citro.lv\/ru\/wp-json\/wp\/v2\/product"}],"about":[{"href":"https:\/\/rezekne.citro.lv\/ru\/wp-json\/wp\/v2\/types\/product"}],"wp:attachment":[{"href":"https:\/\/rezekne.citro.lv\/ru\/wp-json\/wp\/v2\/media?parent=79246"}],"wp:term":[{"taxonomy":"product_cat","embeddable":true,"href":"https:\/\/rezekne.citro.lv\/ru\/wp-json\/wp\/v2\/product_cat?post=79246"},{"taxonomy":"product_tag","embeddable":true,"href":"https:\/\/rezekne.citro.lv\/ru\/wp-json\/wp\/v2\/product_tag?post=79246"}],"curies":[{"name":"wp","href":"https:\/\/api.w.org\/{rel}","templated":true}]}}