{"id":79264,"date":"2025-04-24T02:44:07","date_gmt":"2025-04-23T23:44:07","guid":{"rendered":"https:\/\/rezekne.citro.lv\/veikals\/zupa-reeva-atri-pagatavojama-nudelu-ar-vistas-garsu-17g\/"},"modified":"2026-05-03T06:03:22","modified_gmt":"2026-05-03T03:03:22","slug":"zupa-reeva-atri-pagatavojama-nudelu-ar-vistas-garsu-17g","status":"publish","type":"product","link":"https:\/\/rezekne.citro.lv\/ru\/product\/zupa-reeva-atri-pagatavojama-nudelu-ar-vistas-garsu-17g\/","title":{"rendered":"ZUPA REEVA \u0100TRI PAGATAVOJAMA N\u016aDE\u013bU AR VISTAS GAR\u0160U 17G"},"content":{"rendered":"<p>Izcelsmes valsts: Ukraina<\/p>\n","protected":false},"excerpt":{"rendered":"<p>28.82 \u20ac\/KG<\/p>\n","protected":false},"featured_media":81422,"template":"","meta":{"_acf_changed":false,"inline_featured_image":false},"product_cat":[111,138],"product_tag":[],"acf":[],"aioseo_notices":[],"_links":{"self":[{"href":"https:\/\/rezekne.citro.lv\/ru\/wp-json\/wp\/v2\/product\/79264"}],"collection":[{"href":"https:\/\/rezekne.citro.lv\/ru\/wp-json\/wp\/v2\/product"}],"about":[{"href":"https:\/\/rezekne.citro.lv\/ru\/wp-json\/wp\/v2\/types\/product"}],"wp:featuredmedia":[{"embeddable":true,"href":"https:\/\/rezekne.citro.lv\/ru\/wp-json\/wp\/v2\/media\/81422"}],"wp:attachment":[{"href":"https:\/\/rezekne.citro.lv\/ru\/wp-json\/wp\/v2\/media?parent=79264"}],"wp:term":[{"taxonomy":"product_cat","embeddable":true,"href":"https:\/\/rezekne.citro.lv\/ru\/wp-json\/wp\/v2\/product_cat?post=79264"},{"taxonomy":"product_tag","embeddable":true,"href":"https:\/\/rezekne.citro.lv\/ru\/wp-json\/wp\/v2\/product_tag?post=79264"}],"curies":[{"name":"wp","href":"https:\/\/api.w.org\/{rel}","templated":true}]}}