{"id":79957,"date":"2026-04-23T00:03:38","date_gmt":"2026-04-22T21:03:38","guid":{"rendered":"https:\/\/rezekne.citro.lv\/veikals\/uzkoda-siera-jaunpils-kauset-kupinata-150g\/"},"modified":"2026-05-09T06:00:34","modified_gmt":"2026-05-09T03:00:34","slug":"uzkoda-siera-jaunpils-kauset-kupinata-150g","status":"publish","type":"product","link":"https:\/\/rezekne.citro.lv\/ru\/product\/uzkoda-siera-jaunpils-kauset-kupinata-150g\/","title":{"rendered":"UZKODA SIERA JAUNPILS KAUS\u0112T. K\u016aPIN\u0100TA 150G"},"content":{"rendered":"<p>Izcelsmes valsts: Latvija<\/p>\n","protected":false},"excerpt":{"rendered":"<p>13.27 \u20ac\/KG<\/p>\n","protected":false},"featured_media":78223,"template":"","meta":{"_acf_changed":false,"inline_featured_image":false},"product_cat":[95,225],"product_tag":[],"acf":[],"aioseo_notices":[],"_links":{"self":[{"href":"https:\/\/rezekne.citro.lv\/ru\/wp-json\/wp\/v2\/product\/79957"}],"collection":[{"href":"https:\/\/rezekne.citro.lv\/ru\/wp-json\/wp\/v2\/product"}],"about":[{"href":"https:\/\/rezekne.citro.lv\/ru\/wp-json\/wp\/v2\/types\/product"}],"wp:featuredmedia":[{"embeddable":true,"href":"https:\/\/rezekne.citro.lv\/ru\/wp-json\/wp\/v2\/media\/78223"}],"wp:attachment":[{"href":"https:\/\/rezekne.citro.lv\/ru\/wp-json\/wp\/v2\/media?parent=79957"}],"wp:term":[{"taxonomy":"product_cat","embeddable":true,"href":"https:\/\/rezekne.citro.lv\/ru\/wp-json\/wp\/v2\/product_cat?post=79957"},{"taxonomy":"product_tag","embeddable":true,"href":"https:\/\/rezekne.citro.lv\/ru\/wp-json\/wp\/v2\/product_tag?post=79957"}],"curies":[{"name":"wp","href":"https:\/\/api.w.org\/{rel}","templated":true}]}}