{"id":80378,"date":"2026-02-26T00:30:34","date_gmt":"2026-02-25T22:30:34","guid":{"rendered":"https:\/\/rezekne.citro.lv\/veikals\/zefirs-sirdsformas-sokolade-maigums-135g\/"},"modified":"2026-04-19T06:04:08","modified_gmt":"2026-04-19T03:04:08","slug":"zefirs-sirdsformas-sokolade-maigums-135g","status":"publish","type":"product","link":"https:\/\/rezekne.citro.lv\/ru\/product\/zefirs-sirdsformas-sokolade-maigums-135g\/","title":{"rendered":"ZEF\u012aRS SIRDSFORMAS \u0160OKOL\u0100D\u0112 MAIGUMS 135G"},"content":{"rendered":"<p>Izcelsmes valsts: Latvija<\/p>\n","protected":false},"excerpt":{"rendered":"<p>34.00 \u20ac\/KG<\/p>\n","protected":false},"featured_media":81041,"template":"","meta":{"_acf_changed":false,"inline_featured_image":false},"product_cat":[125,207],"product_tag":[],"acf":[],"aioseo_notices":[],"_links":{"self":[{"href":"https:\/\/rezekne.citro.lv\/ru\/wp-json\/wp\/v2\/product\/80378"}],"collection":[{"href":"https:\/\/rezekne.citro.lv\/ru\/wp-json\/wp\/v2\/product"}],"about":[{"href":"https:\/\/rezekne.citro.lv\/ru\/wp-json\/wp\/v2\/types\/product"}],"wp:featuredmedia":[{"embeddable":true,"href":"https:\/\/rezekne.citro.lv\/ru\/wp-json\/wp\/v2\/media\/81041"}],"wp:attachment":[{"href":"https:\/\/rezekne.citro.lv\/ru\/wp-json\/wp\/v2\/media?parent=80378"}],"wp:term":[{"taxonomy":"product_cat","embeddable":true,"href":"https:\/\/rezekne.citro.lv\/ru\/wp-json\/wp\/v2\/product_cat?post=80378"},{"taxonomy":"product_tag","embeddable":true,"href":"https:\/\/rezekne.citro.lv\/ru\/wp-json\/wp\/v2\/product_tag?post=80378"}],"curies":[{"name":"wp","href":"https:\/\/api.w.org\/{rel}","templated":true}]}}