{"id":80881,"date":"2026-04-09T00:02:19","date_gmt":"2026-04-08T21:02:19","guid":{"rendered":"https:\/\/rezekne.citro.lv\/veikals\/tualetes-papirs-divo-2slani-4rulli-balts-econom\/"},"modified":"2026-04-16T06:00:13","modified_gmt":"2026-04-16T03:00:13","slug":"tualetes-papirs-divo-2slani-4rulli-balts-econom","status":"publish","type":"product","link":"https:\/\/rezekne.citro.lv\/ru\/product\/tualetes-papirs-divo-2slani-4rulli-balts-econom\/","title":{"rendered":"TUALETES PAP\u012aRS DIVO 2SL\u0100\u0145I 4RU\u013b\u013bI BALTS ECONOM"},"content":{"rendered":"","protected":false},"excerpt":{"rendered":"","protected":false},"featured_media":86084,"template":"","meta":{"_acf_changed":false,"inline_featured_image":false},"product_cat":[131,163],"product_tag":[],"acf":[],"aioseo_notices":[],"_links":{"self":[{"href":"https:\/\/rezekne.citro.lv\/ru\/wp-json\/wp\/v2\/product\/80881"}],"collection":[{"href":"https:\/\/rezekne.citro.lv\/ru\/wp-json\/wp\/v2\/product"}],"about":[{"href":"https:\/\/rezekne.citro.lv\/ru\/wp-json\/wp\/v2\/types\/product"}],"wp:featuredmedia":[{"embeddable":true,"href":"https:\/\/rezekne.citro.lv\/ru\/wp-json\/wp\/v2\/media\/86084"}],"wp:attachment":[{"href":"https:\/\/rezekne.citro.lv\/ru\/wp-json\/wp\/v2\/media?parent=80881"}],"wp:term":[{"taxonomy":"product_cat","embeddable":true,"href":"https:\/\/rezekne.citro.lv\/ru\/wp-json\/wp\/v2\/product_cat?post=80881"},{"taxonomy":"product_tag","embeddable":true,"href":"https:\/\/rezekne.citro.lv\/ru\/wp-json\/wp\/v2\/product_tag?post=80881"}],"curies":[{"name":"wp","href":"https:\/\/api.w.org\/{rel}","templated":true}]}}