{"id":80883,"date":"2026-04-23T00:04:02","date_gmt":"2026-04-22T21:04:02","guid":{"rendered":"https:\/\/rezekne.citro.lv\/veikals\/tual-papirs-grite-family-3kartas-4rulli\/"},"modified":"2026-04-23T00:04:02","modified_gmt":"2026-04-22T21:04:02","slug":"tual-papirs-grite-family-3kartas-4rulli","status":"publish","type":"product","link":"https:\/\/rezekne.citro.lv\/ru\/product\/tual-papirs-grite-family-3kartas-4rulli\/","title":{"rendered":"TUAL.PAP\u012aRS GRITE FAMILY 3K\u0100RTAS 4RU\u013b\u013bI"},"content":{"rendered":"<p>Izcelsmes valsts: Lietuva<\/p>\n","protected":false},"excerpt":{"rendered":"<p>0.37 \u20ac\/GAB<\/p>\n","protected":false},"featured_media":81360,"template":"","meta":{"_acf_changed":false,"inline_featured_image":false},"product_cat":[131,163],"product_tag":[],"acf":[],"aioseo_notices":[],"_links":{"self":[{"href":"https:\/\/rezekne.citro.lv\/ru\/wp-json\/wp\/v2\/product\/80883"}],"collection":[{"href":"https:\/\/rezekne.citro.lv\/ru\/wp-json\/wp\/v2\/product"}],"about":[{"href":"https:\/\/rezekne.citro.lv\/ru\/wp-json\/wp\/v2\/types\/product"}],"wp:featuredmedia":[{"embeddable":true,"href":"https:\/\/rezekne.citro.lv\/ru\/wp-json\/wp\/v2\/media\/81360"}],"wp:attachment":[{"href":"https:\/\/rezekne.citro.lv\/ru\/wp-json\/wp\/v2\/media?parent=80883"}],"wp:term":[{"taxonomy":"product_cat","embeddable":true,"href":"https:\/\/rezekne.citro.lv\/ru\/wp-json\/wp\/v2\/product_cat?post=80883"},{"taxonomy":"product_tag","embeddable":true,"href":"https:\/\/rezekne.citro.lv\/ru\/wp-json\/wp\/v2\/product_tag?post=80883"}],"curies":[{"name":"wp","href":"https:\/\/api.w.org\/{rel}","templated":true}]}}