{"id":80884,"date":"2026-04-23T00:04:02","date_gmt":"2026-04-22T21:04:02","guid":{"rendered":"https:\/\/rezekne.citro.lv\/veikals\/dvieli-papira-divo-3-slani-2rulli\/"},"modified":"2026-05-01T06:00:43","modified_gmt":"2026-05-01T03:00:43","slug":"dvieli-papira-divo-3-slani-2rulli","status":"publish","type":"product","link":"https:\/\/rezekne.citro.lv\/ru\/product\/dvieli-papira-divo-3-slani-2rulli\/","title":{"rendered":"DVIE\u013bI PAP\u012aRA DIVO 3 SL\u0100\u0145I 2RU\u013b\u013bI"},"content":{"rendered":"","protected":false},"excerpt":{"rendered":"","protected":false},"featured_media":87119,"template":"","meta":{"_acf_changed":false,"inline_featured_image":false},"product_cat":[131,163],"product_tag":[],"acf":[],"aioseo_notices":[],"_links":{"self":[{"href":"https:\/\/rezekne.citro.lv\/ru\/wp-json\/wp\/v2\/product\/80884"}],"collection":[{"href":"https:\/\/rezekne.citro.lv\/ru\/wp-json\/wp\/v2\/product"}],"about":[{"href":"https:\/\/rezekne.citro.lv\/ru\/wp-json\/wp\/v2\/types\/product"}],"wp:featuredmedia":[{"embeddable":true,"href":"https:\/\/rezekne.citro.lv\/ru\/wp-json\/wp\/v2\/media\/87119"}],"wp:attachment":[{"href":"https:\/\/rezekne.citro.lv\/ru\/wp-json\/wp\/v2\/media?parent=80884"}],"wp:term":[{"taxonomy":"product_cat","embeddable":true,"href":"https:\/\/rezekne.citro.lv\/ru\/wp-json\/wp\/v2\/product_cat?post=80884"},{"taxonomy":"product_tag","embeddable":true,"href":"https:\/\/rezekne.citro.lv\/ru\/wp-json\/wp\/v2\/product_tag?post=80884"}],"curies":[{"name":"wp","href":"https:\/\/api.w.org\/{rel}","templated":true}]}}