{"id":80885,"date":"2026-05-07T00:03:49","date_gmt":"2026-05-06T21:03:49","guid":{"rendered":"https:\/\/rezekne.citro.lv\/veikals\/dvieli-papira-divo-3-slani-300-loksnes\/"},"modified":"2026-05-12T06:02:22","modified_gmt":"2026-05-12T03:02:22","slug":"dvieli-papira-divo-3-slani-300-loksnes","status":"publish","type":"product","link":"https:\/\/rezekne.citro.lv\/ru\/product\/dvieli-papira-divo-3-slani-300-loksnes\/","title":{"rendered":"DVIE\u013bI PAP\u012aRA DIVO 3 SL\u0100\u0145I 300 LOKSNES"},"content":{"rendered":"","protected":false},"excerpt":{"rendered":"","protected":false},"featured_media":86580,"template":"","meta":{"_acf_changed":false,"inline_featured_image":false},"product_cat":[131,163],"product_tag":[],"acf":[],"aioseo_notices":[],"_links":{"self":[{"href":"https:\/\/rezekne.citro.lv\/ru\/wp-json\/wp\/v2\/product\/80885"}],"collection":[{"href":"https:\/\/rezekne.citro.lv\/ru\/wp-json\/wp\/v2\/product"}],"about":[{"href":"https:\/\/rezekne.citro.lv\/ru\/wp-json\/wp\/v2\/types\/product"}],"wp:featuredmedia":[{"embeddable":true,"href":"https:\/\/rezekne.citro.lv\/ru\/wp-json\/wp\/v2\/media\/86580"}],"wp:attachment":[{"href":"https:\/\/rezekne.citro.lv\/ru\/wp-json\/wp\/v2\/media?parent=80885"}],"wp:term":[{"taxonomy":"product_cat","embeddable":true,"href":"https:\/\/rezekne.citro.lv\/ru\/wp-json\/wp\/v2\/product_cat?post=80885"},{"taxonomy":"product_tag","embeddable":true,"href":"https:\/\/rezekne.citro.lv\/ru\/wp-json\/wp\/v2\/product_tag?post=80885"}],"curies":[{"name":"wp","href":"https:\/\/api.w.org\/{rel}","templated":true}]}}