{"id":80890,"date":"2026-04-09T00:04:55","date_gmt":"2026-04-08T21:04:55","guid":{"rendered":"https:\/\/rezekne.citro.lv\/veikals\/tualetes-papirs-grite-blossom-8-rulli\/"},"modified":"2026-04-10T06:02:35","modified_gmt":"2026-04-10T03:02:35","slug":"tualetes-papirs-grite-blossom-8-rulli","status":"publish","type":"product","link":"https:\/\/rezekne.citro.lv\/ru\/product\/tualetes-papirs-grite-blossom-8-rulli\/","title":{"rendered":"TUALETES PAP\u012aRS GRITE BLOSSOM 8 RU\u013b\u013bI"},"content":{"rendered":"","protected":false},"excerpt":{"rendered":"","protected":false},"featured_media":82287,"template":"","meta":{"_acf_changed":false,"inline_featured_image":false},"product_cat":[131,163],"product_tag":[],"acf":[],"aioseo_notices":[],"_links":{"self":[{"href":"https:\/\/rezekne.citro.lv\/ru\/wp-json\/wp\/v2\/product\/80890"}],"collection":[{"href":"https:\/\/rezekne.citro.lv\/ru\/wp-json\/wp\/v2\/product"}],"about":[{"href":"https:\/\/rezekne.citro.lv\/ru\/wp-json\/wp\/v2\/types\/product"}],"wp:featuredmedia":[{"embeddable":true,"href":"https:\/\/rezekne.citro.lv\/ru\/wp-json\/wp\/v2\/media\/82287"}],"wp:attachment":[{"href":"https:\/\/rezekne.citro.lv\/ru\/wp-json\/wp\/v2\/media?parent=80890"}],"wp:term":[{"taxonomy":"product_cat","embeddable":true,"href":"https:\/\/rezekne.citro.lv\/ru\/wp-json\/wp\/v2\/product_cat?post=80890"},{"taxonomy":"product_tag","embeddable":true,"href":"https:\/\/rezekne.citro.lv\/ru\/wp-json\/wp\/v2\/product_tag?post=80890"}],"curies":[{"name":"wp","href":"https:\/\/api.w.org\/{rel}","templated":true}]}}