{"id":80891,"date":"2025-07-10T11:59:47","date_gmt":"2025-07-10T08:59:47","guid":{"rendered":"https:\/\/rezekne.citro.lv\/veikals\/dvieli-papira-divo-2-slani-250-loksnes\/"},"modified":"2026-05-01T09:00:29","modified_gmt":"2026-05-01T06:00:29","slug":"dvieli-papira-divo-2-slani-250-loksnes","status":"publish","type":"product","link":"https:\/\/rezekne.citro.lv\/ru\/product\/dvieli-papira-divo-2-slani-250-loksnes\/","title":{"rendered":"DVIE\u013bI PAP\u012aRA DIVO 2 SL\u0100\u0145I 250 LOKSNES"},"content":{"rendered":"","protected":false},"excerpt":{"rendered":"","protected":false},"featured_media":88939,"template":"","meta":{"_acf_changed":false,"inline_featured_image":false},"product_cat":[131,163],"product_tag":[],"acf":[],"aioseo_notices":[],"_links":{"self":[{"href":"https:\/\/rezekne.citro.lv\/ru\/wp-json\/wp\/v2\/product\/80891"}],"collection":[{"href":"https:\/\/rezekne.citro.lv\/ru\/wp-json\/wp\/v2\/product"}],"about":[{"href":"https:\/\/rezekne.citro.lv\/ru\/wp-json\/wp\/v2\/types\/product"}],"wp:featuredmedia":[{"embeddable":true,"href":"https:\/\/rezekne.citro.lv\/ru\/wp-json\/wp\/v2\/media\/88939"}],"wp:attachment":[{"href":"https:\/\/rezekne.citro.lv\/ru\/wp-json\/wp\/v2\/media?parent=80891"}],"wp:term":[{"taxonomy":"product_cat","embeddable":true,"href":"https:\/\/rezekne.citro.lv\/ru\/wp-json\/wp\/v2\/product_cat?post=80891"},{"taxonomy":"product_tag","embeddable":true,"href":"https:\/\/rezekne.citro.lv\/ru\/wp-json\/wp\/v2\/product_tag?post=80891"}],"curies":[{"name":"wp","href":"https:\/\/api.w.org\/{rel}","templated":true}]}}