{"id":80894,"date":"2026-05-07T00:04:41","date_gmt":"2026-05-06T21:04:41","guid":{"rendered":"https:\/\/rezekne.citro.lv\/veikals\/tualetes-papirs-divo-natural-3slani-8rulli-premium\/"},"modified":"2026-05-13T06:02:55","modified_gmt":"2026-05-13T03:02:55","slug":"tualetes-papirs-divo-natural-3slani-8rulli-premium","status":"publish","type":"product","link":"https:\/\/rezekne.citro.lv\/ru\/product\/tualetes-papirs-divo-natural-3slani-8rulli-premium\/","title":{"rendered":"TUALETES PAP\u012aRS DIVO NATURAL 3SL\u0100\u0145I 8RU\u013b\u013bI  PREMIUM"},"content":{"rendered":"","protected":false},"excerpt":{"rendered":"","protected":false},"featured_media":82000,"template":"","meta":{"_acf_changed":false,"inline_featured_image":false},"product_cat":[131,163],"product_tag":[],"acf":[],"aioseo_notices":[],"_links":{"self":[{"href":"https:\/\/rezekne.citro.lv\/ru\/wp-json\/wp\/v2\/product\/80894"}],"collection":[{"href":"https:\/\/rezekne.citro.lv\/ru\/wp-json\/wp\/v2\/product"}],"about":[{"href":"https:\/\/rezekne.citro.lv\/ru\/wp-json\/wp\/v2\/types\/product"}],"wp:featuredmedia":[{"embeddable":true,"href":"https:\/\/rezekne.citro.lv\/ru\/wp-json\/wp\/v2\/media\/82000"}],"wp:attachment":[{"href":"https:\/\/rezekne.citro.lv\/ru\/wp-json\/wp\/v2\/media?parent=80894"}],"wp:term":[{"taxonomy":"product_cat","embeddable":true,"href":"https:\/\/rezekne.citro.lv\/ru\/wp-json\/wp\/v2\/product_cat?post=80894"},{"taxonomy":"product_tag","embeddable":true,"href":"https:\/\/rezekne.citro.lv\/ru\/wp-json\/wp\/v2\/product_tag?post=80894"}],"curies":[{"name":"wp","href":"https:\/\/api.w.org\/{rel}","templated":true}]}}