{"id":80921,"date":"2025-02-08T00:11:18","date_gmt":"2025-02-07T22:11:18","guid":{"rendered":"https:\/\/rezekne.citro.lv\/veikals\/koslajama-gumija-orbit-bubblemint-15g\/"},"modified":"2026-04-28T06:04:04","modified_gmt":"2026-04-28T03:04:04","slug":"koslajama-gumija-orbit-bubblemint-15g","status":"publish","type":"product","link":"https:\/\/rezekne.citro.lv\/ru\/product\/koslajama-gumija-orbit-bubblemint-15g\/","title":{"rendered":"KO\u0160\u013b\u0100JAMA GUMIJA ORBIT BUBBLEMINT 15G"},"content":{"rendered":"<p>Izcelsmes valsts: Polija<\/p>\n","protected":false},"excerpt":{"rendered":"<p>63.33 \u20ac\/KG<\/p>\n","protected":false},"featured_media":82529,"template":"","meta":{"_acf_changed":false,"inline_featured_image":false},"product_cat":[125,365],"product_tag":[],"acf":[],"aioseo_notices":[],"_links":{"self":[{"href":"https:\/\/rezekne.citro.lv\/ru\/wp-json\/wp\/v2\/product\/80921"}],"collection":[{"href":"https:\/\/rezekne.citro.lv\/ru\/wp-json\/wp\/v2\/product"}],"about":[{"href":"https:\/\/rezekne.citro.lv\/ru\/wp-json\/wp\/v2\/types\/product"}],"wp:featuredmedia":[{"embeddable":true,"href":"https:\/\/rezekne.citro.lv\/ru\/wp-json\/wp\/v2\/media\/82529"}],"wp:attachment":[{"href":"https:\/\/rezekne.citro.lv\/ru\/wp-json\/wp\/v2\/media?parent=80921"}],"wp:term":[{"taxonomy":"product_cat","embeddable":true,"href":"https:\/\/rezekne.citro.lv\/ru\/wp-json\/wp\/v2\/product_cat?post=80921"},{"taxonomy":"product_tag","embeddable":true,"href":"https:\/\/rezekne.citro.lv\/ru\/wp-json\/wp\/v2\/product_tag?post=80921"}],"curies":[{"name":"wp","href":"https:\/\/api.w.org\/{rel}","templated":true}]}}