{"id":80953,"date":"2026-01-02T00:18:50","date_gmt":"2026-01-01T22:18:50","guid":{"rendered":"https:\/\/rezekne.citro.lv\/veikals\/sula-tymbark-vitamini-banans-burkans-abols-1l\/"},"modified":"2026-01-02T00:18:54","modified_gmt":"2026-01-01T22:18:54","slug":"sula-tymbark-vitamini-banans-burkans-abols-1l","status":"publish","type":"product","link":"https:\/\/rezekne.citro.lv\/ru\/product\/sula-tymbark-vitamini-banans-burkans-abols-1l\/","title":{"rendered":"SULA TYMBARK VITAMINI BAN\u0100NS-BURK\u0100NS-\u0100BOLS 1L"},"content":{"rendered":"<p>Izcelsmes valsts: Polija<\/p>\n","protected":false},"excerpt":{"rendered":"<p>2.25 \u20ac\/L<\/p>\n","protected":false},"featured_media":81245,"template":"","meta":{"_acf_changed":false,"inline_featured_image":false},"product_cat":[106,124],"product_tag":[],"acf":[],"aioseo_notices":[],"_links":{"self":[{"href":"https:\/\/rezekne.citro.lv\/ru\/wp-json\/wp\/v2\/product\/80953"}],"collection":[{"href":"https:\/\/rezekne.citro.lv\/ru\/wp-json\/wp\/v2\/product"}],"about":[{"href":"https:\/\/rezekne.citro.lv\/ru\/wp-json\/wp\/v2\/types\/product"}],"wp:featuredmedia":[{"embeddable":true,"href":"https:\/\/rezekne.citro.lv\/ru\/wp-json\/wp\/v2\/media\/81245"}],"wp:attachment":[{"href":"https:\/\/rezekne.citro.lv\/ru\/wp-json\/wp\/v2\/media?parent=80953"}],"wp:term":[{"taxonomy":"product_cat","embeddable":true,"href":"https:\/\/rezekne.citro.lv\/ru\/wp-json\/wp\/v2\/product_cat?post=80953"},{"taxonomy":"product_tag","embeddable":true,"href":"https:\/\/rezekne.citro.lv\/ru\/wp-json\/wp\/v2\/product_tag?post=80953"}],"curies":[{"name":"wp","href":"https:\/\/api.w.org\/{rel}","templated":true}]}}