{"id":82475,"date":"2026-04-23T00:06:04","date_gmt":"2026-04-22T21:06:04","guid":{"rendered":"https:\/\/rezekne.citro.lv\/veikals\/konservs-sprotes-ella-old-riga-160g\/"},"modified":"2026-04-28T12:00:11","modified_gmt":"2026-04-28T09:00:11","slug":"konservs-sprotes-ella-old-riga-160g","status":"publish","type":"product","link":"https:\/\/rezekne.citro.lv\/ru\/product\/konservs-sprotes-ella-old-riga-160g\/","title":{"rendered":"KONSERVS \u0160PROTES E\u013b\u013b\u0100 OLD RIGA 160G"},"content":{"rendered":"<p>Izcelsmes valsts: Latvija<\/p>\n","protected":false},"excerpt":{"rendered":"<p>18.69 \u20ac\/KG<\/p>\n","protected":false},"featured_media":82258,"template":"","meta":{"_acf_changed":false,"inline_featured_image":false},"product_cat":[135,136],"product_tag":[],"acf":[],"aioseo_notices":[],"_links":{"self":[{"href":"https:\/\/rezekne.citro.lv\/ru\/wp-json\/wp\/v2\/product\/82475"}],"collection":[{"href":"https:\/\/rezekne.citro.lv\/ru\/wp-json\/wp\/v2\/product"}],"about":[{"href":"https:\/\/rezekne.citro.lv\/ru\/wp-json\/wp\/v2\/types\/product"}],"wp:featuredmedia":[{"embeddable":true,"href":"https:\/\/rezekne.citro.lv\/ru\/wp-json\/wp\/v2\/media\/82258"}],"wp:attachment":[{"href":"https:\/\/rezekne.citro.lv\/ru\/wp-json\/wp\/v2\/media?parent=82475"}],"wp:term":[{"taxonomy":"product_cat","embeddable":true,"href":"https:\/\/rezekne.citro.lv\/ru\/wp-json\/wp\/v2\/product_cat?post=82475"},{"taxonomy":"product_tag","embeddable":true,"href":"https:\/\/rezekne.citro.lv\/ru\/wp-json\/wp\/v2\/product_tag?post=82475"}],"curies":[{"name":"wp","href":"https:\/\/api.w.org\/{rel}","templated":true}]}}