{"id":82503,"date":"2025-12-04T00:18:54","date_gmt":"2025-12-03T22:18:54","guid":{"rendered":"https:\/\/rezekne.citro.lv\/veikals\/pistacijas-grauzdetas-salitas-alis-co-500g\/"},"modified":"2026-05-14T06:03:42","modified_gmt":"2026-05-14T03:03:42","slug":"pistacijas-grauzdetas-salitas-alis-co-500g","status":"publish","type":"product","link":"https:\/\/rezekne.citro.lv\/ru\/product\/pistacijas-grauzdetas-salitas-alis-co-500g\/","title":{"rendered":"PIST\u0100CIJAS GRAUZD\u0112TAS S\u0100L\u012aTAS ALIS CO 500G"},"content":{"rendered":"<p>Izcelsmes valsts: Amerikas Savienot\u0101s Valstis<\/p>\n","protected":false},"excerpt":{"rendered":"<p>19.98 \u20ac\/KG<\/p>\n","protected":false},"featured_media":89827,"template":"","meta":{"_acf_changed":false,"inline_featured_image":false},"product_cat":[125,202],"product_tag":[],"acf":[],"aioseo_notices":[],"_links":{"self":[{"href":"https:\/\/rezekne.citro.lv\/ru\/wp-json\/wp\/v2\/product\/82503"}],"collection":[{"href":"https:\/\/rezekne.citro.lv\/ru\/wp-json\/wp\/v2\/product"}],"about":[{"href":"https:\/\/rezekne.citro.lv\/ru\/wp-json\/wp\/v2\/types\/product"}],"wp:featuredmedia":[{"embeddable":true,"href":"https:\/\/rezekne.citro.lv\/ru\/wp-json\/wp\/v2\/media\/89827"}],"wp:attachment":[{"href":"https:\/\/rezekne.citro.lv\/ru\/wp-json\/wp\/v2\/media?parent=82503"}],"wp:term":[{"taxonomy":"product_cat","embeddable":true,"href":"https:\/\/rezekne.citro.lv\/ru\/wp-json\/wp\/v2\/product_cat?post=82503"},{"taxonomy":"product_tag","embeddable":true,"href":"https:\/\/rezekne.citro.lv\/ru\/wp-json\/wp\/v2\/product_tag?post=82503"}],"curies":[{"name":"wp","href":"https:\/\/api.w.org\/{rel}","templated":true}]}}