{"id":82573,"date":"2025-11-06T00:16:31","date_gmt":"2025-11-05T22:16:31","guid":{"rendered":"https:\/\/rezekne.citro.lv\/veikals\/olivella-extra-virgin-costa-doro-750ml\/"},"modified":"2025-11-06T00:16:35","modified_gmt":"2025-11-05T22:16:35","slug":"olivella-extra-virgin-costa-doro-750ml","status":"publish","type":"product","link":"https:\/\/rezekne.citro.lv\/ru\/product\/olivella-extra-virgin-costa-doro-750ml\/","title":{"rendered":"OL\u012aVE\u013b\u013bA EXTRA VIRGIN COSTA D&#8217;ORO 750ML"},"content":{"rendered":"<p>Izcelsmes valsts: It\u0101lija<\/p>\n","protected":false},"excerpt":{"rendered":"<p>15.99 \u20ac\/L<\/p>\n","protected":false},"featured_media":0,"template":"","meta":{"_acf_changed":false,"inline_featured_image":false},"product_cat":[116,164],"product_tag":[],"acf":[],"aioseo_notices":[],"_links":{"self":[{"href":"https:\/\/rezekne.citro.lv\/ru\/wp-json\/wp\/v2\/product\/82573"}],"collection":[{"href":"https:\/\/rezekne.citro.lv\/ru\/wp-json\/wp\/v2\/product"}],"about":[{"href":"https:\/\/rezekne.citro.lv\/ru\/wp-json\/wp\/v2\/types\/product"}],"wp:attachment":[{"href":"https:\/\/rezekne.citro.lv\/ru\/wp-json\/wp\/v2\/media?parent=82573"}],"wp:term":[{"taxonomy":"product_cat","embeddable":true,"href":"https:\/\/rezekne.citro.lv\/ru\/wp-json\/wp\/v2\/product_cat?post=82573"},{"taxonomy":"product_tag","embeddable":true,"href":"https:\/\/rezekne.citro.lv\/ru\/wp-json\/wp\/v2\/product_tag?post=82573"}],"curies":[{"name":"wp","href":"https:\/\/api.w.org\/{rel}","templated":true}]}}