{"id":82574,"date":"2026-04-23T00:04:09","date_gmt":"2026-04-22T21:04:09","guid":{"rendered":"https:\/\/rezekne.citro.lv\/veikals\/velas-mazgasanas-lidzeklis-all-color-gel-3l-60wl\/"},"modified":"2026-04-23T00:04:13","modified_gmt":"2026-04-22T21:04:13","slug":"velas-mazgasanas-lidzeklis-all-color-gel-3l-60wl","status":"publish","type":"product","link":"https:\/\/rezekne.citro.lv\/ru\/product\/velas-mazgasanas-lidzeklis-all-color-gel-3l-60wl\/","title":{"rendered":"VE\u013bAS MAZG\u0100\u0160ANAS L\u012aDZEKLIS ALL COLOR GEL  3L 60WL"},"content":{"rendered":"","protected":false},"excerpt":{"rendered":"<p>1.30 \u20ac\/L<\/p>\n","protected":false},"featured_media":0,"template":"","meta":{"_acf_changed":false,"inline_featured_image":false},"product_cat":[131,184],"product_tag":[],"acf":[],"aioseo_notices":[],"_links":{"self":[{"href":"https:\/\/rezekne.citro.lv\/ru\/wp-json\/wp\/v2\/product\/82574"}],"collection":[{"href":"https:\/\/rezekne.citro.lv\/ru\/wp-json\/wp\/v2\/product"}],"about":[{"href":"https:\/\/rezekne.citro.lv\/ru\/wp-json\/wp\/v2\/types\/product"}],"wp:attachment":[{"href":"https:\/\/rezekne.citro.lv\/ru\/wp-json\/wp\/v2\/media?parent=82574"}],"wp:term":[{"taxonomy":"product_cat","embeddable":true,"href":"https:\/\/rezekne.citro.lv\/ru\/wp-json\/wp\/v2\/product_cat?post=82574"},{"taxonomy":"product_tag","embeddable":true,"href":"https:\/\/rezekne.citro.lv\/ru\/wp-json\/wp\/v2\/product_tag?post=82574"}],"curies":[{"name":"wp","href":"https:\/\/api.w.org\/{rel}","templated":true}]}}