{"id":82600,"date":"2025-03-24T00:11:43","date_gmt":"2025-03-23T22:11:43","guid":{"rendered":"https:\/\/rezekne.citro.lv\/veikals\/zalas-ziepes-ar-cili-augu-aizsardz-500ml\/"},"modified":"2025-07-06T09:27:31","modified_gmt":"2025-07-06T06:27:31","slug":"zalas-ziepes-ar-cili-augu-aizsardz-500ml","status":"publish","type":"product","link":"https:\/\/rezekne.citro.lv\/ru\/product\/zalas-ziepes-ar-cili-augu-aizsardz-500ml\/","title":{"rendered":"ZA\u013b\u0100S ZIEPES AR \u010cILI AUGU AIZSARDZ.500ML"},"content":{"rendered":"","protected":false},"excerpt":{"rendered":"<p>5.78 \u20ac\/L<\/p>\n","protected":false},"featured_media":0,"template":"","meta":{"_acf_changed":false,"inline_featured_image":false},"product_cat":[131,169],"product_tag":[],"acf":[],"aioseo_notices":[],"_links":{"self":[{"href":"https:\/\/rezekne.citro.lv\/ru\/wp-json\/wp\/v2\/product\/82600"}],"collection":[{"href":"https:\/\/rezekne.citro.lv\/ru\/wp-json\/wp\/v2\/product"}],"about":[{"href":"https:\/\/rezekne.citro.lv\/ru\/wp-json\/wp\/v2\/types\/product"}],"wp:attachment":[{"href":"https:\/\/rezekne.citro.lv\/ru\/wp-json\/wp\/v2\/media?parent=82600"}],"wp:term":[{"taxonomy":"product_cat","embeddable":true,"href":"https:\/\/rezekne.citro.lv\/ru\/wp-json\/wp\/v2\/product_cat?post=82600"},{"taxonomy":"product_tag","embeddable":true,"href":"https:\/\/rezekne.citro.lv\/ru\/wp-json\/wp\/v2\/product_tag?post=82600"}],"curies":[{"name":"wp","href":"https:\/\/api.w.org\/{rel}","templated":true}]}}