{"id":82635,"date":"2025-09-11T00:17:01","date_gmt":"2025-09-10T21:17:01","guid":{"rendered":"https:\/\/rezekne.citro.lv\/veikals\/izsmidzinamas-vannas-istabas-tirisanas-putas-the-pink-750ml\/"},"modified":"2026-03-13T12:13:20","modified_gmt":"2026-03-13T10:13:20","slug":"izsmidzinamas-vannas-istabas-tirisanas-putas-the-pink-750ml","status":"publish","type":"product","link":"https:\/\/rezekne.citro.lv\/ru\/product\/izsmidzinamas-vannas-istabas-tirisanas-putas-the-pink-750ml\/","title":{"rendered":"IZSMIDZIN\u0100MAS VANNAS ISTABAS T\u012aR\u012a\u0160ANAS PUTAS THE PINK 750ML"},"content":{"rendered":"","protected":false},"excerpt":{"rendered":"<p>3.19 \u20ac\/L<\/p>\n","protected":false},"featured_media":93748,"template":"","meta":{"_acf_changed":false,"inline_featured_image":false},"product_cat":[131,169],"product_tag":[],"acf":[],"aioseo_notices":[],"_links":{"self":[{"href":"https:\/\/rezekne.citro.lv\/ru\/wp-json\/wp\/v2\/product\/82635"}],"collection":[{"href":"https:\/\/rezekne.citro.lv\/ru\/wp-json\/wp\/v2\/product"}],"about":[{"href":"https:\/\/rezekne.citro.lv\/ru\/wp-json\/wp\/v2\/types\/product"}],"wp:featuredmedia":[{"embeddable":true,"href":"https:\/\/rezekne.citro.lv\/ru\/wp-json\/wp\/v2\/media\/93748"}],"wp:attachment":[{"href":"https:\/\/rezekne.citro.lv\/ru\/wp-json\/wp\/v2\/media?parent=82635"}],"wp:term":[{"taxonomy":"product_cat","embeddable":true,"href":"https:\/\/rezekne.citro.lv\/ru\/wp-json\/wp\/v2\/product_cat?post=82635"},{"taxonomy":"product_tag","embeddable":true,"href":"https:\/\/rezekne.citro.lv\/ru\/wp-json\/wp\/v2\/product_tag?post=82635"}],"curies":[{"name":"wp","href":"https:\/\/api.w.org\/{rel}","templated":true}]}}