{"id":83031,"date":"2026-04-13T00:02:20","date_gmt":"2026-04-12T21:02:20","guid":{"rendered":"https:\/\/rezekne.citro.lv\/veikals\/prjaniki-ar-barbelu-garsas-pildijumu-300g\/"},"modified":"2026-05-01T06:03:49","modified_gmt":"2026-05-01T03:03:49","slug":"prjaniki-ar-barbelu-garsas-pildijumu-300g","status":"publish","type":"product","link":"https:\/\/rezekne.citro.lv\/ru\/product\/prjaniki-ar-barbelu-garsas-pildijumu-300g\/","title":{"rendered":"PRJA\u0145IKI AR B\u0100RBE\u013bU GAR\u0160AS PILD\u012aJUMU 300G"},"content":{"rendered":"<p>Izcelsmes valsts: Latvija<\/p>\n","protected":false},"excerpt":{"rendered":"<p>6.63 \u20ac\/KG<\/p>\n","protected":false},"featured_media":92189,"template":"","meta":{"_acf_changed":false,"inline_featured_image":false},"product_cat":[125,139],"product_tag":[],"acf":[],"aioseo_notices":[],"_links":{"self":[{"href":"https:\/\/rezekne.citro.lv\/ru\/wp-json\/wp\/v2\/product\/83031"}],"collection":[{"href":"https:\/\/rezekne.citro.lv\/ru\/wp-json\/wp\/v2\/product"}],"about":[{"href":"https:\/\/rezekne.citro.lv\/ru\/wp-json\/wp\/v2\/types\/product"}],"wp:featuredmedia":[{"embeddable":true,"href":"https:\/\/rezekne.citro.lv\/ru\/wp-json\/wp\/v2\/media\/92189"}],"wp:attachment":[{"href":"https:\/\/rezekne.citro.lv\/ru\/wp-json\/wp\/v2\/media?parent=83031"}],"wp:term":[{"taxonomy":"product_cat","embeddable":true,"href":"https:\/\/rezekne.citro.lv\/ru\/wp-json\/wp\/v2\/product_cat?post=83031"},{"taxonomy":"product_tag","embeddable":true,"href":"https:\/\/rezekne.citro.lv\/ru\/wp-json\/wp\/v2\/product_tag?post=83031"}],"curies":[{"name":"wp","href":"https:\/\/api.w.org\/{rel}","templated":true}]}}