{"id":83033,"date":"2025-08-14T01:49:05","date_gmt":"2025-08-13T22:49:05","guid":{"rendered":"https:\/\/rezekne.citro.lv\/veikals\/vafeles-ar-sokolades-garsu-ranele-30g\/"},"modified":"2026-04-23T06:03:33","modified_gmt":"2026-04-23T03:03:33","slug":"vafeles-ar-sokolades-garsu-ranele-30g","status":"publish","type":"product","link":"https:\/\/rezekne.citro.lv\/ru\/product\/vafeles-ar-sokolades-garsu-ranele-30g\/","title":{"rendered":"VAFELES AR \u0160OKOL\u0100DES GAR\u0160U RANELE 30G"},"content":{"rendered":"<p>Izcelsmes valsts: Latvija<\/p>\n","protected":false},"excerpt":{"rendered":"<p>11.67 \u20ac\/KG<\/p>\n","protected":false},"featured_media":86039,"template":"","meta":{"_acf_changed":false,"inline_featured_image":false},"product_cat":[125,139],"product_tag":[],"acf":[],"aioseo_notices":[],"_links":{"self":[{"href":"https:\/\/rezekne.citro.lv\/ru\/wp-json\/wp\/v2\/product\/83033"}],"collection":[{"href":"https:\/\/rezekne.citro.lv\/ru\/wp-json\/wp\/v2\/product"}],"about":[{"href":"https:\/\/rezekne.citro.lv\/ru\/wp-json\/wp\/v2\/types\/product"}],"wp:featuredmedia":[{"embeddable":true,"href":"https:\/\/rezekne.citro.lv\/ru\/wp-json\/wp\/v2\/media\/86039"}],"wp:attachment":[{"href":"https:\/\/rezekne.citro.lv\/ru\/wp-json\/wp\/v2\/media?parent=83033"}],"wp:term":[{"taxonomy":"product_cat","embeddable":true,"href":"https:\/\/rezekne.citro.lv\/ru\/wp-json\/wp\/v2\/product_cat?post=83033"},{"taxonomy":"product_tag","embeddable":true,"href":"https:\/\/rezekne.citro.lv\/ru\/wp-json\/wp\/v2\/product_tag?post=83033"}],"curies":[{"name":"wp","href":"https:\/\/api.w.org\/{rel}","templated":true}]}}