{"id":83034,"date":"2025-08-14T01:49:05","date_gmt":"2025-08-13T22:49:05","guid":{"rendered":"https:\/\/rezekne.citro.lv\/?post_type=product&#038;p=83034"},"modified":"2026-04-28T06:03:09","modified_gmt":"2026-04-28T03:03:09","slug":"prjaniki-ar-medus-garsu-berniba-400g","status":"publish","type":"product","link":"https:\/\/rezekne.citro.lv\/ru\/product\/prjaniki-ar-medus-garsu-berniba-400g\/","title":{"rendered":"PRJA\u0145IKI AR MEDUS GAR\u0160U B\u0112RN\u012aBA 400G"},"content":{"rendered":"<p>Izcelsmes valsts: Latvija<\/p>\n","protected":false},"excerpt":{"rendered":"<p>4.98 \u20ac\/KG<\/p>\n","protected":false},"featured_media":92186,"template":"","meta":{"_acf_changed":false,"inline_featured_image":false},"product_cat":[125,139],"product_tag":[],"acf":[],"aioseo_notices":[],"_links":{"self":[{"href":"https:\/\/rezekne.citro.lv\/ru\/wp-json\/wp\/v2\/product\/83034"}],"collection":[{"href":"https:\/\/rezekne.citro.lv\/ru\/wp-json\/wp\/v2\/product"}],"about":[{"href":"https:\/\/rezekne.citro.lv\/ru\/wp-json\/wp\/v2\/types\/product"}],"wp:featuredmedia":[{"embeddable":true,"href":"https:\/\/rezekne.citro.lv\/ru\/wp-json\/wp\/v2\/media\/92186"}],"wp:attachment":[{"href":"https:\/\/rezekne.citro.lv\/ru\/wp-json\/wp\/v2\/media?parent=83034"}],"wp:term":[{"taxonomy":"product_cat","embeddable":true,"href":"https:\/\/rezekne.citro.lv\/ru\/wp-json\/wp\/v2\/product_cat?post=83034"},{"taxonomy":"product_tag","embeddable":true,"href":"https:\/\/rezekne.citro.lv\/ru\/wp-json\/wp\/v2\/product_tag?post=83034"}],"curies":[{"name":"wp","href":"https:\/\/api.w.org\/{rel}","templated":true}]}}