{"id":83057,"date":"2026-03-26T00:30:18","date_gmt":"2026-03-25T22:30:18","guid":{"rendered":"https:\/\/rezekne.citro.lv\/veikals\/konf-pop-rock-magic-ar-zemenu-garsu-6g\/"},"modified":"2026-04-18T06:03:44","modified_gmt":"2026-04-18T03:03:44","slug":"konf-pop-rock-magic-ar-zemenu-garsu-6g","status":"publish","type":"product","link":"https:\/\/rezekne.citro.lv\/ru\/product\/konf-pop-rock-magic-ar-zemenu-garsu-6g\/","title":{"rendered":"KONF.POP ROCK MAGIC AR ZEME\u0145U GAR\u0160U 6G"},"content":{"rendered":"<p>Izcelsmes valsts: Sp\u0101nija<\/p>\n","protected":false},"excerpt":{"rendered":"<p>148.33 \u20ac\/KG<\/p>\n","protected":false},"featured_media":86680,"template":"","meta":{"_acf_changed":false,"inline_featured_image":false},"product_cat":[125,201],"product_tag":[],"acf":[],"aioseo_notices":[],"_links":{"self":[{"href":"https:\/\/rezekne.citro.lv\/ru\/wp-json\/wp\/v2\/product\/83057"}],"collection":[{"href":"https:\/\/rezekne.citro.lv\/ru\/wp-json\/wp\/v2\/product"}],"about":[{"href":"https:\/\/rezekne.citro.lv\/ru\/wp-json\/wp\/v2\/types\/product"}],"wp:featuredmedia":[{"embeddable":true,"href":"https:\/\/rezekne.citro.lv\/ru\/wp-json\/wp\/v2\/media\/86680"}],"wp:attachment":[{"href":"https:\/\/rezekne.citro.lv\/ru\/wp-json\/wp\/v2\/media?parent=83057"}],"wp:term":[{"taxonomy":"product_cat","embeddable":true,"href":"https:\/\/rezekne.citro.lv\/ru\/wp-json\/wp\/v2\/product_cat?post=83057"},{"taxonomy":"product_tag","embeddable":true,"href":"https:\/\/rezekne.citro.lv\/ru\/wp-json\/wp\/v2\/product_tag?post=83057"}],"curies":[{"name":"wp","href":"https:\/\/api.w.org\/{rel}","templated":true}]}}