{"id":83274,"date":"2026-04-23T01:17:12","date_gmt":"2026-04-22T22:17:12","guid":{"rendered":"https:\/\/rezekne.citro.lv\/veikals\/ribinas-mellenu-marinade-rm-900g\/"},"modified":"2026-04-23T01:17:14","modified_gmt":"2026-04-22T22:17:14","slug":"ribinas-mellenu-marinade-rm-900g","status":"publish","type":"product","link":"https:\/\/rezekne.citro.lv\/ru\/product\/ribinas-mellenu-marinade-rm-900g\/","title":{"rendered":"RIBI\u0145AS MELLE\u0145U MARIN\u0100D\u0112 RM 900G"},"content":{"rendered":"<p>Izcelsmes valsts: Latvija<\/p>\n","protected":false},"excerpt":{"rendered":"<p>9.77 \u20ac\/KG<\/p>\n","protected":false},"featured_media":0,"template":"","meta":{"_acf_changed":false,"inline_featured_image":false},"product_cat":[135,182],"product_tag":[],"acf":[],"aioseo_notices":[],"_links":{"self":[{"href":"https:\/\/rezekne.citro.lv\/ru\/wp-json\/wp\/v2\/product\/83274"}],"collection":[{"href":"https:\/\/rezekne.citro.lv\/ru\/wp-json\/wp\/v2\/product"}],"about":[{"href":"https:\/\/rezekne.citro.lv\/ru\/wp-json\/wp\/v2\/types\/product"}],"wp:attachment":[{"href":"https:\/\/rezekne.citro.lv\/ru\/wp-json\/wp\/v2\/media?parent=83274"}],"wp:term":[{"taxonomy":"product_cat","embeddable":true,"href":"https:\/\/rezekne.citro.lv\/ru\/wp-json\/wp\/v2\/product_cat?post=83274"},{"taxonomy":"product_tag","embeddable":true,"href":"https:\/\/rezekne.citro.lv\/ru\/wp-json\/wp\/v2\/product_tag?post=83274"}],"curies":[{"name":"wp","href":"https:\/\/api.w.org\/{rel}","templated":true}]}}