{"id":83279,"date":"2026-03-26T00:04:11","date_gmt":"2026-03-25T22:04:11","guid":{"rendered":"https:\/\/rezekne.citro.lv\/veikals\/jogurts-saldkrejuma-muah-ar-marakujas-laima-un-vanilas-garsu-180g-valio\/"},"modified":"2026-04-03T06:00:36","modified_gmt":"2026-04-03T03:00:36","slug":"jogurts-saldkrejuma-muah-ar-marakujas-laima-un-vanilas-garsu-180g-valio","status":"publish","type":"product","link":"https:\/\/rezekne.citro.lv\/ru\/product\/jogurts-saldkrejuma-muah-ar-marakujas-laima-un-vanilas-garsu-180g-valio\/","title":{"rendered":"JOGURTS SALDKR\u0112JUMA MUAH! AR MARAKUJAS LAIMA UN VANI\u013bAS GAR\u0160U 180G VALIO"},"content":{"rendered":"<p>Izcelsmes valsts: Igaunija<\/p>\n","protected":false},"excerpt":{"rendered":"<p>7.17 \u20ac\/KG<\/p>\n","protected":false},"featured_media":83129,"template":"","meta":{"_acf_changed":false,"inline_featured_image":false},"product_cat":[95,100],"product_tag":[],"acf":[],"aioseo_notices":[],"_links":{"self":[{"href":"https:\/\/rezekne.citro.lv\/ru\/wp-json\/wp\/v2\/product\/83279"}],"collection":[{"href":"https:\/\/rezekne.citro.lv\/ru\/wp-json\/wp\/v2\/product"}],"about":[{"href":"https:\/\/rezekne.citro.lv\/ru\/wp-json\/wp\/v2\/types\/product"}],"wp:featuredmedia":[{"embeddable":true,"href":"https:\/\/rezekne.citro.lv\/ru\/wp-json\/wp\/v2\/media\/83129"}],"wp:attachment":[{"href":"https:\/\/rezekne.citro.lv\/ru\/wp-json\/wp\/v2\/media?parent=83279"}],"wp:term":[{"taxonomy":"product_cat","embeddable":true,"href":"https:\/\/rezekne.citro.lv\/ru\/wp-json\/wp\/v2\/product_cat?post=83279"},{"taxonomy":"product_tag","embeddable":true,"href":"https:\/\/rezekne.citro.lv\/ru\/wp-json\/wp\/v2\/product_tag?post=83279"}],"curies":[{"name":"wp","href":"https:\/\/api.w.org\/{rel}","templated":true}]}}