{"id":83309,"date":"2025-09-25T00:32:50","date_gmt":"2025-09-24T21:32:50","guid":{"rendered":"https:\/\/rezekne.citro.lv\/veikals\/sokolades-biskvita-rulete-ar-kirsiem-citro-350g\/"},"modified":"2026-04-06T06:02:58","modified_gmt":"2026-04-06T03:02:58","slug":"sokolades-biskvita-rulete-ar-kirsiem-citro-350g","status":"publish","type":"product","link":"https:\/\/rezekne.citro.lv\/ru\/product\/sokolades-biskvita-rulete-ar-kirsiem-citro-350g\/","title":{"rendered":"\u0160OKOL\u0100DES BISKV\u012aTA RULETE AR \u0136IR\u0160IEM CITRO 350G"},"content":{"rendered":"<p>Izcelsmes valsts: Latvija<\/p>\n","protected":false},"excerpt":{"rendered":"<p>10.54 \u20ac\/KG<\/p>\n","protected":false},"featured_media":78457,"template":"","meta":{"_acf_changed":false,"inline_featured_image":false},"product_cat":[109,220],"product_tag":[],"acf":[],"aioseo_notices":[],"_links":{"self":[{"href":"https:\/\/rezekne.citro.lv\/ru\/wp-json\/wp\/v2\/product\/83309"}],"collection":[{"href":"https:\/\/rezekne.citro.lv\/ru\/wp-json\/wp\/v2\/product"}],"about":[{"href":"https:\/\/rezekne.citro.lv\/ru\/wp-json\/wp\/v2\/types\/product"}],"wp:featuredmedia":[{"embeddable":true,"href":"https:\/\/rezekne.citro.lv\/ru\/wp-json\/wp\/v2\/media\/78457"}],"wp:attachment":[{"href":"https:\/\/rezekne.citro.lv\/ru\/wp-json\/wp\/v2\/media?parent=83309"}],"wp:term":[{"taxonomy":"product_cat","embeddable":true,"href":"https:\/\/rezekne.citro.lv\/ru\/wp-json\/wp\/v2\/product_cat?post=83309"},{"taxonomy":"product_tag","embeddable":true,"href":"https:\/\/rezekne.citro.lv\/ru\/wp-json\/wp\/v2\/product_tag?post=83309"}],"curies":[{"name":"wp","href":"https:\/\/api.w.org\/{rel}","templated":true}]}}