{"id":83352,"date":"2026-04-23T00:19:44","date_gmt":"2026-04-22T21:19:44","guid":{"rendered":"https:\/\/rezekne.citro.lv\/veikals\/zefirs-vanilas-sokolade-maigums-175g\/"},"modified":"2026-05-09T06:03:20","modified_gmt":"2026-05-09T03:03:20","slug":"zefirs-vanilas-sokolade-maigums-175g","status":"publish","type":"product","link":"https:\/\/rezekne.citro.lv\/ru\/product\/zefirs-vanilas-sokolade-maigums-175g\/","title":{"rendered":"ZEF\u012aRS VANI\u013bAS \u0160OKOL\u0100D\u0112 MAIGUMS 175G"},"content":{"rendered":"<p>Izcelsmes valsts: Latvija<\/p>\n","protected":false},"excerpt":{"rendered":"<p>17.09 \u20ac\/KG<\/p>\n","protected":false},"featured_media":80537,"template":"","meta":{"_acf_changed":false,"inline_featured_image":false},"product_cat":[125,207],"product_tag":[],"acf":[],"aioseo_notices":[],"_links":{"self":[{"href":"https:\/\/rezekne.citro.lv\/ru\/wp-json\/wp\/v2\/product\/83352"}],"collection":[{"href":"https:\/\/rezekne.citro.lv\/ru\/wp-json\/wp\/v2\/product"}],"about":[{"href":"https:\/\/rezekne.citro.lv\/ru\/wp-json\/wp\/v2\/types\/product"}],"wp:featuredmedia":[{"embeddable":true,"href":"https:\/\/rezekne.citro.lv\/ru\/wp-json\/wp\/v2\/media\/80537"}],"wp:attachment":[{"href":"https:\/\/rezekne.citro.lv\/ru\/wp-json\/wp\/v2\/media?parent=83352"}],"wp:term":[{"taxonomy":"product_cat","embeddable":true,"href":"https:\/\/rezekne.citro.lv\/ru\/wp-json\/wp\/v2\/product_cat?post=83352"},{"taxonomy":"product_tag","embeddable":true,"href":"https:\/\/rezekne.citro.lv\/ru\/wp-json\/wp\/v2\/product_tag?post=83352"}],"curies":[{"name":"wp","href":"https:\/\/api.w.org\/{rel}","templated":true}]}}