{"id":83354,"date":"2026-03-26T00:18:53","date_gmt":"2026-03-25T22:18:53","guid":{"rendered":"https:\/\/rezekne.citro.lv\/veikals\/zefirs-avenu-sokolade-maigums-175g\/"},"modified":"2026-03-26T00:18:57","modified_gmt":"2026-03-25T22:18:57","slug":"zefirs-avenu-sokolade-maigums-175g","status":"publish","type":"product","link":"https:\/\/rezekne.citro.lv\/ru\/product\/zefirs-avenu-sokolade-maigums-175g\/","title":{"rendered":"ZEF\u012aRS AVE\u0145U \u0160OKOL\u0100D\u0112 MAIGUMS 175G"},"content":{"rendered":"<p>Izcelsmes valsts: Latvija<\/p>\n","protected":false},"excerpt":{"rendered":"<p>22.23 \u20ac\/KG<\/p>\n","protected":false},"featured_media":83492,"template":"","meta":{"_acf_changed":false,"inline_featured_image":false},"product_cat":[125,207],"product_tag":[],"acf":[],"aioseo_notices":[],"_links":{"self":[{"href":"https:\/\/rezekne.citro.lv\/ru\/wp-json\/wp\/v2\/product\/83354"}],"collection":[{"href":"https:\/\/rezekne.citro.lv\/ru\/wp-json\/wp\/v2\/product"}],"about":[{"href":"https:\/\/rezekne.citro.lv\/ru\/wp-json\/wp\/v2\/types\/product"}],"wp:featuredmedia":[{"embeddable":true,"href":"https:\/\/rezekne.citro.lv\/ru\/wp-json\/wp\/v2\/media\/83492"}],"wp:attachment":[{"href":"https:\/\/rezekne.citro.lv\/ru\/wp-json\/wp\/v2\/media?parent=83354"}],"wp:term":[{"taxonomy":"product_cat","embeddable":true,"href":"https:\/\/rezekne.citro.lv\/ru\/wp-json\/wp\/v2\/product_cat?post=83354"},{"taxonomy":"product_tag","embeddable":true,"href":"https:\/\/rezekne.citro.lv\/ru\/wp-json\/wp\/v2\/product_tag?post=83354"}],"curies":[{"name":"wp","href":"https:\/\/api.w.org\/{rel}","templated":true}]}}