{"id":83356,"date":"2026-04-23T00:45:12","date_gmt":"2026-04-22T21:45:12","guid":{"rendered":"https:\/\/rezekne.citro.lv\/veikals\/sokolades-tafele-piena-milka-ar-alpu-pienu-90g\/"},"modified":"2026-05-13T06:04:05","modified_gmt":"2026-05-13T03:04:05","slug":"sokolades-tafele-piena-milka-ar-alpu-pienu-90g","status":"publish","type":"product","link":"https:\/\/rezekne.citro.lv\/ru\/product\/sokolades-tafele-piena-milka-ar-alpu-pienu-90g\/","title":{"rendered":"\u0160OKOL\u0100DES T\u0100FELE PIENA MILKA AR ALPU PIENU 90G"},"content":{"rendered":"<p>Izcelsmes valsts: V\u0101cija<\/p>\n","protected":false},"excerpt":{"rendered":"<p>26.56 \u20ac\/KG<\/p>\n","protected":false},"featured_media":87886,"template":"","meta":{"_acf_changed":false,"inline_featured_image":false},"product_cat":[125,134],"product_tag":[],"acf":[],"aioseo_notices":[],"_links":{"self":[{"href":"https:\/\/rezekne.citro.lv\/ru\/wp-json\/wp\/v2\/product\/83356"}],"collection":[{"href":"https:\/\/rezekne.citro.lv\/ru\/wp-json\/wp\/v2\/product"}],"about":[{"href":"https:\/\/rezekne.citro.lv\/ru\/wp-json\/wp\/v2\/types\/product"}],"wp:featuredmedia":[{"embeddable":true,"href":"https:\/\/rezekne.citro.lv\/ru\/wp-json\/wp\/v2\/media\/87886"}],"wp:attachment":[{"href":"https:\/\/rezekne.citro.lv\/ru\/wp-json\/wp\/v2\/media?parent=83356"}],"wp:term":[{"taxonomy":"product_cat","embeddable":true,"href":"https:\/\/rezekne.citro.lv\/ru\/wp-json\/wp\/v2\/product_cat?post=83356"},{"taxonomy":"product_tag","embeddable":true,"href":"https:\/\/rezekne.citro.lv\/ru\/wp-json\/wp\/v2\/product_tag?post=83356"}],"curies":[{"name":"wp","href":"https:\/\/api.w.org\/{rel}","templated":true}]}}