{"id":83357,"date":"2026-04-23T00:45:12","date_gmt":"2026-04-22T21:45:12","guid":{"rendered":"https:\/\/rezekne.citro.lv\/veikals\/zefirs-kirsu-sokolade-maigums-175g\/"},"modified":"2026-04-23T00:45:17","modified_gmt":"2026-04-22T21:45:17","slug":"zefirs-kirsu-sokolade-maigums-175g","status":"publish","type":"product","link":"https:\/\/rezekne.citro.lv\/ru\/product\/zefirs-kirsu-sokolade-maigums-175g\/","title":{"rendered":"ZEF\u012aRS \u0136IR\u0160U \u0160OKOL\u0100D\u0112 MAIGUMS 175G"},"content":{"rendered":"<p>Izcelsmes valsts: Latvija<\/p>\n","protected":false},"excerpt":{"rendered":"<p>22.23 \u20ac\/KG<\/p>\n","protected":false},"featured_media":80538,"template":"","meta":{"_acf_changed":false,"inline_featured_image":false},"product_cat":[125,207],"product_tag":[],"acf":[],"aioseo_notices":[],"_links":{"self":[{"href":"https:\/\/rezekne.citro.lv\/ru\/wp-json\/wp\/v2\/product\/83357"}],"collection":[{"href":"https:\/\/rezekne.citro.lv\/ru\/wp-json\/wp\/v2\/product"}],"about":[{"href":"https:\/\/rezekne.citro.lv\/ru\/wp-json\/wp\/v2\/types\/product"}],"wp:featuredmedia":[{"embeddable":true,"href":"https:\/\/rezekne.citro.lv\/ru\/wp-json\/wp\/v2\/media\/80538"}],"wp:attachment":[{"href":"https:\/\/rezekne.citro.lv\/ru\/wp-json\/wp\/v2\/media?parent=83357"}],"wp:term":[{"taxonomy":"product_cat","embeddable":true,"href":"https:\/\/rezekne.citro.lv\/ru\/wp-json\/wp\/v2\/product_cat?post=83357"},{"taxonomy":"product_tag","embeddable":true,"href":"https:\/\/rezekne.citro.lv\/ru\/wp-json\/wp\/v2\/product_tag?post=83357"}],"curies":[{"name":"wp","href":"https:\/\/api.w.org\/{rel}","templated":true}]}}