{"id":83358,"date":"2026-05-07T00:17:28","date_gmt":"2026-05-06T21:17:28","guid":{"rendered":"https:\/\/rezekne.citro.lv\/veikals\/sokolades-tafele-milka-ar-veseliem-riekstiem-90g\/"},"modified":"2026-05-13T12:00:57","modified_gmt":"2026-05-13T09:00:57","slug":"sokolades-tafele-milka-ar-veseliem-riekstiem-90g","status":"publish","type":"product","link":"https:\/\/rezekne.citro.lv\/ru\/product\/sokolades-tafele-milka-ar-veseliem-riekstiem-90g\/","title":{"rendered":"\u0160OKOL\u0100DES T\u0100FELE MILKA AR VESELIEM RIEKSTIEM 95G"},"content":{"rendered":"<p>Izcelsmes valsts: V\u0101cija<\/p>\n","protected":false},"excerpt":{"rendered":"<p>18.84 \u20ac\/KG<\/p>\n","protected":false},"featured_media":85675,"template":"","meta":{"_acf_changed":false,"inline_featured_image":false},"product_cat":[125,134],"product_tag":[],"acf":[],"aioseo_notices":[],"_links":{"self":[{"href":"https:\/\/rezekne.citro.lv\/ru\/wp-json\/wp\/v2\/product\/83358"}],"collection":[{"href":"https:\/\/rezekne.citro.lv\/ru\/wp-json\/wp\/v2\/product"}],"about":[{"href":"https:\/\/rezekne.citro.lv\/ru\/wp-json\/wp\/v2\/types\/product"}],"wp:featuredmedia":[{"embeddable":true,"href":"https:\/\/rezekne.citro.lv\/ru\/wp-json\/wp\/v2\/media\/85675"}],"wp:attachment":[{"href":"https:\/\/rezekne.citro.lv\/ru\/wp-json\/wp\/v2\/media?parent=83358"}],"wp:term":[{"taxonomy":"product_cat","embeddable":true,"href":"https:\/\/rezekne.citro.lv\/ru\/wp-json\/wp\/v2\/product_cat?post=83358"},{"taxonomy":"product_tag","embeddable":true,"href":"https:\/\/rezekne.citro.lv\/ru\/wp-json\/wp\/v2\/product_tag?post=83358"}],"curies":[{"name":"wp","href":"https:\/\/api.w.org\/{rel}","templated":true}]}}