{"id":83374,"date":"2026-04-23T00:19:37","date_gmt":"2026-04-22T21:19:37","guid":{"rendered":"https:\/\/rezekne.citro.lv\/veikals\/sulas-dzeriens-cido-paw-patrol-multiauglu-burkanu-0-2l\/"},"modified":"2026-05-15T06:02:23","modified_gmt":"2026-05-15T03:02:23","slug":"sulas-dzeriens-cido-paw-patrol-multiauglu-burkanu-0-2l","status":"publish","type":"product","link":"https:\/\/rezekne.citro.lv\/ru\/product\/sulas-dzeriens-cido-paw-patrol-multiauglu-burkanu-0-2l\/","title":{"rendered":"SULAS DZ\u0112RIENS CIDO PAW PATROL MULTIAUG\u013bU-BURK\u0100NU 0.2L"},"content":{"rendered":"<p>Izcelsmes valsts: Latvija<\/p>\n","protected":false},"excerpt":{"rendered":"<p>2.25 \u20ac\/L<\/p>\n","protected":false},"featured_media":83516,"template":"","meta":{"_acf_changed":false,"inline_featured_image":false},"product_cat":[106,124],"product_tag":[],"acf":[],"aioseo_notices":[],"_links":{"self":[{"href":"https:\/\/rezekne.citro.lv\/ru\/wp-json\/wp\/v2\/product\/83374"}],"collection":[{"href":"https:\/\/rezekne.citro.lv\/ru\/wp-json\/wp\/v2\/product"}],"about":[{"href":"https:\/\/rezekne.citro.lv\/ru\/wp-json\/wp\/v2\/types\/product"}],"wp:featuredmedia":[{"embeddable":true,"href":"https:\/\/rezekne.citro.lv\/ru\/wp-json\/wp\/v2\/media\/83516"}],"wp:attachment":[{"href":"https:\/\/rezekne.citro.lv\/ru\/wp-json\/wp\/v2\/media?parent=83374"}],"wp:term":[{"taxonomy":"product_cat","embeddable":true,"href":"https:\/\/rezekne.citro.lv\/ru\/wp-json\/wp\/v2\/product_cat?post=83374"},{"taxonomy":"product_tag","embeddable":true,"href":"https:\/\/rezekne.citro.lv\/ru\/wp-json\/wp\/v2\/product_tag?post=83374"}],"curies":[{"name":"wp","href":"https:\/\/api.w.org\/{rel}","templated":true}]}}