{"id":83380,"date":"2026-03-27T00:02:16","date_gmt":"2026-03-26T22:02:16","guid":{"rendered":"https:\/\/rezekne.citro.lv\/veikals\/konservi-zivju-bretlinas-tom-merce-280g-stikls\/"},"modified":"2026-04-13T06:03:11","modified_gmt":"2026-04-13T03:03:11","slug":"konservi-zivju-bretlinas-tom-merce-280g-stikls","status":"publish","type":"product","link":"https:\/\/rezekne.citro.lv\/ru\/product\/konservi-zivju-bretlinas-tom-merce-280g-stikls\/","title":{"rendered":"KONSERVI ZIVJU BR\u0112TLI\u0145AS TOM.M\u0112RC\u0112 280G STIKLS"},"content":{"rendered":"","protected":false},"excerpt":{"rendered":"<p>8.54 \u20ac\/KG<\/p>\n","protected":false},"featured_media":83599,"template":"","meta":{"_acf_changed":false,"inline_featured_image":false},"product_cat":[135,136],"product_tag":[],"acf":[],"aioseo_notices":[],"_links":{"self":[{"href":"https:\/\/rezekne.citro.lv\/ru\/wp-json\/wp\/v2\/product\/83380"}],"collection":[{"href":"https:\/\/rezekne.citro.lv\/ru\/wp-json\/wp\/v2\/product"}],"about":[{"href":"https:\/\/rezekne.citro.lv\/ru\/wp-json\/wp\/v2\/types\/product"}],"wp:featuredmedia":[{"embeddable":true,"href":"https:\/\/rezekne.citro.lv\/ru\/wp-json\/wp\/v2\/media\/83599"}],"wp:attachment":[{"href":"https:\/\/rezekne.citro.lv\/ru\/wp-json\/wp\/v2\/media?parent=83380"}],"wp:term":[{"taxonomy":"product_cat","embeddable":true,"href":"https:\/\/rezekne.citro.lv\/ru\/wp-json\/wp\/v2\/product_cat?post=83380"},{"taxonomy":"product_tag","embeddable":true,"href":"https:\/\/rezekne.citro.lv\/ru\/wp-json\/wp\/v2\/product_tag?post=83380"}],"curies":[{"name":"wp","href":"https:\/\/api.w.org\/{rel}","templated":true}]}}