{"id":83385,"date":"2026-03-26T00:18:53","date_gmt":"2026-03-25T22:18:53","guid":{"rendered":"https:\/\/rezekne.citro.lv\/veikals\/sparnini-vistu-kraukskigi-500g\/"},"modified":"2026-03-26T00:18:55","modified_gmt":"2026-03-25T22:18:55","slug":"sparnini-vistu-kraukskigi-500g","status":"publish","type":"product","link":"https:\/\/rezekne.citro.lv\/ru\/product\/sparnini-vistu-kraukskigi-500g\/","title":{"rendered":"SPARNI\u0145I VISTU KRAUK\u0160\u0136\u012aGI 500G"},"content":{"rendered":"<p>Izcelsmes valsts: Ukraina<\/p>\n","protected":false},"excerpt":{"rendered":"<p>9.78 \u20ac\/KG<\/p>\n","protected":false},"featured_media":83676,"template":"","meta":{"_acf_changed":false,"inline_featured_image":false},"product_cat":[231,232],"product_tag":[],"acf":[],"aioseo_notices":[],"_links":{"self":[{"href":"https:\/\/rezekne.citro.lv\/ru\/wp-json\/wp\/v2\/product\/83385"}],"collection":[{"href":"https:\/\/rezekne.citro.lv\/ru\/wp-json\/wp\/v2\/product"}],"about":[{"href":"https:\/\/rezekne.citro.lv\/ru\/wp-json\/wp\/v2\/types\/product"}],"wp:featuredmedia":[{"embeddable":true,"href":"https:\/\/rezekne.citro.lv\/ru\/wp-json\/wp\/v2\/media\/83676"}],"wp:attachment":[{"href":"https:\/\/rezekne.citro.lv\/ru\/wp-json\/wp\/v2\/media?parent=83385"}],"wp:term":[{"taxonomy":"product_cat","embeddable":true,"href":"https:\/\/rezekne.citro.lv\/ru\/wp-json\/wp\/v2\/product_cat?post=83385"},{"taxonomy":"product_tag","embeddable":true,"href":"https:\/\/rezekne.citro.lv\/ru\/wp-json\/wp\/v2\/product_tag?post=83385"}],"curies":[{"name":"wp","href":"https:\/\/api.w.org\/{rel}","templated":true}]}}