{"id":83407,"date":"2025-04-23T00:10:54","date_gmt":"2025-04-22T21:10:54","guid":{"rendered":"https:\/\/rezekne.citro.lv\/veikals\/koslajama-gumija-peppermint-ar-piparmetras-garsu-22-5g\/"},"modified":"2026-04-05T06:00:32","modified_gmt":"2026-04-05T03:00:32","slug":"koslajama-gumija-peppermint-ar-piparmetras-garsu-22-5g","status":"publish","type":"product","link":"https:\/\/rezekne.citro.lv\/ru\/product\/koslajama-gumija-peppermint-ar-piparmetras-garsu-22-5g\/","title":{"rendered":"KO\u0160\u013b\u0100JAM\u0100 GUMIJA PEPPERMINT AR PIPARM\u0112TRAS GAR\u0160U 22.5G"},"content":{"rendered":"<p>Izcelsmes valsts: It\u0101lija<\/p>\n","protected":false},"excerpt":{"rendered":"<p>43.04 \u20ac\/KG<\/p>\n","protected":false},"featured_media":85807,"template":"","meta":{"_acf_changed":false,"inline_featured_image":false},"product_cat":[125,365],"product_tag":[],"acf":[],"aioseo_notices":[],"_links":{"self":[{"href":"https:\/\/rezekne.citro.lv\/ru\/wp-json\/wp\/v2\/product\/83407"}],"collection":[{"href":"https:\/\/rezekne.citro.lv\/ru\/wp-json\/wp\/v2\/product"}],"about":[{"href":"https:\/\/rezekne.citro.lv\/ru\/wp-json\/wp\/v2\/types\/product"}],"wp:featuredmedia":[{"embeddable":true,"href":"https:\/\/rezekne.citro.lv\/ru\/wp-json\/wp\/v2\/media\/85807"}],"wp:attachment":[{"href":"https:\/\/rezekne.citro.lv\/ru\/wp-json\/wp\/v2\/media?parent=83407"}],"wp:term":[{"taxonomy":"product_cat","embeddable":true,"href":"https:\/\/rezekne.citro.lv\/ru\/wp-json\/wp\/v2\/product_cat?post=83407"},{"taxonomy":"product_tag","embeddable":true,"href":"https:\/\/rezekne.citro.lv\/ru\/wp-json\/wp\/v2\/product_tag?post=83407"}],"curies":[{"name":"wp","href":"https:\/\/api.w.org\/{rel}","templated":true}]}}