{"id":83414,"date":"2025-04-23T00:11:22","date_gmt":"2025-04-22T21:11:22","guid":{"rendered":"https:\/\/rezekne.citro.lv\/veikals\/koslajama-gumija-ar-zemenu-garsu-14g\/"},"modified":"2026-04-07T06:02:12","modified_gmt":"2026-04-07T03:02:12","slug":"koslajama-gumija-ar-zemenu-garsu-14g","status":"publish","type":"product","link":"https:\/\/rezekne.citro.lv\/ru\/product\/koslajama-gumija-ar-zemenu-garsu-14g\/","title":{"rendered":"KO\u0160\u013b\u0100JAM\u0100 GUMIJA AR ZEME\u0145U GAR\u0160U 14G"},"content":{"rendered":"<p>Izcelsmes valsts: It\u0101lija<\/p>\n","protected":false},"excerpt":{"rendered":"<p>49.29 \u20ac\/KG<\/p>\n","protected":false},"featured_media":85786,"template":"","meta":{"_acf_changed":false,"inline_featured_image":false},"product_cat":[125,365],"product_tag":[],"acf":[],"aioseo_notices":[],"_links":{"self":[{"href":"https:\/\/rezekne.citro.lv\/ru\/wp-json\/wp\/v2\/product\/83414"}],"collection":[{"href":"https:\/\/rezekne.citro.lv\/ru\/wp-json\/wp\/v2\/product"}],"about":[{"href":"https:\/\/rezekne.citro.lv\/ru\/wp-json\/wp\/v2\/types\/product"}],"wp:featuredmedia":[{"embeddable":true,"href":"https:\/\/rezekne.citro.lv\/ru\/wp-json\/wp\/v2\/media\/85786"}],"wp:attachment":[{"href":"https:\/\/rezekne.citro.lv\/ru\/wp-json\/wp\/v2\/media?parent=83414"}],"wp:term":[{"taxonomy":"product_cat","embeddable":true,"href":"https:\/\/rezekne.citro.lv\/ru\/wp-json\/wp\/v2\/product_cat?post=83414"},{"taxonomy":"product_tag","embeddable":true,"href":"https:\/\/rezekne.citro.lv\/ru\/wp-json\/wp\/v2\/product_tag?post=83414"}],"curies":[{"name":"wp","href":"https:\/\/api.w.org\/{rel}","templated":true}]}}