{"id":83806,"date":"2026-03-18T00:03:06","date_gmt":"2026-03-17T22:03:06","guid":{"rendered":"https:\/\/rezekne.citro.lv\/veikals\/konservetas-persiku-pusites-franko-425g\/"},"modified":"2026-03-21T06:04:45","modified_gmt":"2026-03-21T04:04:45","slug":"konservetas-persiku-pusites-franko-425g","status":"publish","type":"product","link":"https:\/\/rezekne.citro.lv\/ru\/product\/konservetas-persiku-pusites-franko-425g\/","title":{"rendered":"KONSERV\u0112TAS PERSIKU PUS\u012aTES FRANKO 425G"},"content":{"rendered":"<p>Izcelsmes valsts: \u0136\u012bna<\/p>\n","protected":false},"excerpt":{"rendered":"<p>3.51 \u20ac\/KG<\/p>\n","protected":false},"featured_media":87348,"template":"","meta":{"_acf_changed":false,"inline_featured_image":false},"product_cat":[103,193],"product_tag":[],"acf":[],"aioseo_notices":[],"_links":{"self":[{"href":"https:\/\/rezekne.citro.lv\/ru\/wp-json\/wp\/v2\/product\/83806"}],"collection":[{"href":"https:\/\/rezekne.citro.lv\/ru\/wp-json\/wp\/v2\/product"}],"about":[{"href":"https:\/\/rezekne.citro.lv\/ru\/wp-json\/wp\/v2\/types\/product"}],"wp:featuredmedia":[{"embeddable":true,"href":"https:\/\/rezekne.citro.lv\/ru\/wp-json\/wp\/v2\/media\/87348"}],"wp:attachment":[{"href":"https:\/\/rezekne.citro.lv\/ru\/wp-json\/wp\/v2\/media?parent=83806"}],"wp:term":[{"taxonomy":"product_cat","embeddable":true,"href":"https:\/\/rezekne.citro.lv\/ru\/wp-json\/wp\/v2\/product_cat?post=83806"},{"taxonomy":"product_tag","embeddable":true,"href":"https:\/\/rezekne.citro.lv\/ru\/wp-json\/wp\/v2\/product_tag?post=83806"}],"curies":[{"name":"wp","href":"https:\/\/api.w.org\/{rel}","templated":true}]}}