{"id":83819,"date":"2026-04-23T00:16:49","date_gmt":"2026-04-22T21:16:49","guid":{"rendered":"https:\/\/rezekne.citro.lv\/veikals\/olivas-melnas-bez-kauliniem-franko-300ml\/"},"modified":"2026-05-03T06:01:57","modified_gmt":"2026-05-03T03:01:57","slug":"olivas-melnas-bez-kauliniem-franko-300ml","status":"publish","type":"product","link":"https:\/\/rezekne.citro.lv\/ru\/product\/olivas-melnas-bez-kauliniem-franko-300ml\/","title":{"rendered":"OL\u012aVAS MELN\u0100S BEZ KAULI\u0145IEM FRANKO 300ML"},"content":{"rendered":"<p>Izcelsmes valsts: Sp\u0101nija<\/p>\n","protected":false},"excerpt":{"rendered":"<p>3.63 \u20ac\/KG<\/p>\n","protected":false},"featured_media":94261,"template":"","meta":{"_acf_changed":false,"inline_featured_image":false},"product_cat":[103,137],"product_tag":[],"acf":[],"aioseo_notices":[],"_links":{"self":[{"href":"https:\/\/rezekne.citro.lv\/ru\/wp-json\/wp\/v2\/product\/83819"}],"collection":[{"href":"https:\/\/rezekne.citro.lv\/ru\/wp-json\/wp\/v2\/product"}],"about":[{"href":"https:\/\/rezekne.citro.lv\/ru\/wp-json\/wp\/v2\/types\/product"}],"wp:featuredmedia":[{"embeddable":true,"href":"https:\/\/rezekne.citro.lv\/ru\/wp-json\/wp\/v2\/media\/94261"}],"wp:attachment":[{"href":"https:\/\/rezekne.citro.lv\/ru\/wp-json\/wp\/v2\/media?parent=83819"}],"wp:term":[{"taxonomy":"product_cat","embeddable":true,"href":"https:\/\/rezekne.citro.lv\/ru\/wp-json\/wp\/v2\/product_cat?post=83819"},{"taxonomy":"product_tag","embeddable":true,"href":"https:\/\/rezekne.citro.lv\/ru\/wp-json\/wp\/v2\/product_tag?post=83819"}],"curies":[{"name":"wp","href":"https:\/\/api.w.org\/{rel}","templated":true}]}}