{"id":83824,"date":"2026-01-29T00:45:23","date_gmt":"2026-01-28T22:45:23","guid":{"rendered":"https:\/\/rezekne.citro.lv\/veikals\/kompots-persiku-pusites-sirupa-franko-stikla-580g\/"},"modified":"2026-04-19T06:12:00","modified_gmt":"2026-04-19T03:12:00","slug":"kompots-persiku-pusites-sirupa-franko-stikla-580g","status":"publish","type":"product","link":"https:\/\/rezekne.citro.lv\/ru\/product\/kompots-persiku-pusites-sirupa-franko-stikla-580g\/","title":{"rendered":"KOMPOTS PERSIKU PUS\u012aTES S\u012aRUP\u0100 FRANKO STIKL\u0100 580G"},"content":{"rendered":"<p>Izcelsmes valsts: \u0136\u012bna<\/p>\n","protected":false},"excerpt":{"rendered":"<p>3.43 \u20ac\/KG<\/p>\n","protected":false},"featured_media":92065,"template":"","meta":{"_acf_changed":false,"inline_featured_image":false},"product_cat":[103,193],"product_tag":[],"acf":[],"aioseo_notices":[],"_links":{"self":[{"href":"https:\/\/rezekne.citro.lv\/ru\/wp-json\/wp\/v2\/product\/83824"}],"collection":[{"href":"https:\/\/rezekne.citro.lv\/ru\/wp-json\/wp\/v2\/product"}],"about":[{"href":"https:\/\/rezekne.citro.lv\/ru\/wp-json\/wp\/v2\/types\/product"}],"wp:featuredmedia":[{"embeddable":true,"href":"https:\/\/rezekne.citro.lv\/ru\/wp-json\/wp\/v2\/media\/92065"}],"wp:attachment":[{"href":"https:\/\/rezekne.citro.lv\/ru\/wp-json\/wp\/v2\/media?parent=83824"}],"wp:term":[{"taxonomy":"product_cat","embeddable":true,"href":"https:\/\/rezekne.citro.lv\/ru\/wp-json\/wp\/v2\/product_cat?post=83824"},{"taxonomy":"product_tag","embeddable":true,"href":"https:\/\/rezekne.citro.lv\/ru\/wp-json\/wp\/v2\/product_tag?post=83824"}],"curies":[{"name":"wp","href":"https:\/\/api.w.org\/{rel}","templated":true}]}}