{"id":83844,"date":"2026-01-02T00:02:49","date_gmt":"2026-01-01T22:02:49","guid":{"rendered":"https:\/\/rezekne.citro.lv\/veikals\/darzeni-bauer-meksikanu-mix-400g\/"},"modified":"2026-04-03T06:00:29","modified_gmt":"2026-04-03T03:00:29","slug":"darzeni-bauer-meksikanu-mix-400g","status":"publish","type":"product","link":"https:\/\/rezekne.citro.lv\/ru\/product\/darzeni-bauer-meksikanu-mix-400g\/","title":{"rendered":"D\u0100RZE\u0145I BAUER MEKSIK\u0100\u0145U MIX 400G"},"content":{"rendered":"<p>Izcelsmes valsts: Polija<\/p>\n","protected":false},"excerpt":{"rendered":"<p>3.98 \u20ac\/KG<\/p>\n","protected":false},"featured_media":83946,"template":"","meta":{"_acf_changed":false,"inline_featured_image":false},"product_cat":[231,232],"product_tag":[],"acf":[],"aioseo_notices":[],"_links":{"self":[{"href":"https:\/\/rezekne.citro.lv\/ru\/wp-json\/wp\/v2\/product\/83844"}],"collection":[{"href":"https:\/\/rezekne.citro.lv\/ru\/wp-json\/wp\/v2\/product"}],"about":[{"href":"https:\/\/rezekne.citro.lv\/ru\/wp-json\/wp\/v2\/types\/product"}],"wp:featuredmedia":[{"embeddable":true,"href":"https:\/\/rezekne.citro.lv\/ru\/wp-json\/wp\/v2\/media\/83946"}],"wp:attachment":[{"href":"https:\/\/rezekne.citro.lv\/ru\/wp-json\/wp\/v2\/media?parent=83844"}],"wp:term":[{"taxonomy":"product_cat","embeddable":true,"href":"https:\/\/rezekne.citro.lv\/ru\/wp-json\/wp\/v2\/product_cat?post=83844"},{"taxonomy":"product_tag","embeddable":true,"href":"https:\/\/rezekne.citro.lv\/ru\/wp-json\/wp\/v2\/product_tag?post=83844"}],"curies":[{"name":"wp","href":"https:\/\/api.w.org\/{rel}","templated":true}]}}