{"id":83845,"date":"2026-05-07T00:02:20","date_gmt":"2026-05-06T21:02:20","guid":{"rendered":"https:\/\/rezekne.citro.lv\/veikals\/bumbinas-siera-dziugas-krejuma-un-sipolu-kraukskigas-45-40g\/"},"modified":"2026-05-07T00:02:20","modified_gmt":"2026-05-06T21:02:20","slug":"bumbinas-siera-dziugas-krejuma-un-sipolu-kraukskigas-45-40g","status":"publish","type":"product","link":"https:\/\/rezekne.citro.lv\/ru\/product\/bumbinas-siera-dziugas-krejuma-un-sipolu-kraukskigas-45-40g\/","title":{"rendered":"BUMBI\u0145AS SIERA D\u017dIUGAS KR\u0112JUMA UN S\u012aPOLU KRAUK\u0160\u0136\u012aGAS 45% 40G"},"content":{"rendered":"<p>Izcelsmes valsts: Lietuva<\/p>\n","protected":false},"excerpt":{"rendered":"<p>39.75 \u20ac\/KG<\/p>\n","protected":false},"featured_media":87778,"template":"","meta":{"_acf_changed":false,"inline_featured_image":false},"product_cat":[95,225],"product_tag":[],"acf":[],"aioseo_notices":[],"_links":{"self":[{"href":"https:\/\/rezekne.citro.lv\/ru\/wp-json\/wp\/v2\/product\/83845"}],"collection":[{"href":"https:\/\/rezekne.citro.lv\/ru\/wp-json\/wp\/v2\/product"}],"about":[{"href":"https:\/\/rezekne.citro.lv\/ru\/wp-json\/wp\/v2\/types\/product"}],"wp:featuredmedia":[{"embeddable":true,"href":"https:\/\/rezekne.citro.lv\/ru\/wp-json\/wp\/v2\/media\/87778"}],"wp:attachment":[{"href":"https:\/\/rezekne.citro.lv\/ru\/wp-json\/wp\/v2\/media?parent=83845"}],"wp:term":[{"taxonomy":"product_cat","embeddable":true,"href":"https:\/\/rezekne.citro.lv\/ru\/wp-json\/wp\/v2\/product_cat?post=83845"},{"taxonomy":"product_tag","embeddable":true,"href":"https:\/\/rezekne.citro.lv\/ru\/wp-json\/wp\/v2\/product_tag?post=83845"}],"curies":[{"name":"wp","href":"https:\/\/api.w.org\/{rel}","templated":true}]}}