{"id":83846,"date":"2026-02-26T00:03:26","date_gmt":"2026-02-25T22:03:26","guid":{"rendered":"https:\/\/rezekne.citro.lv\/veikals\/bumbinas-siera-dziugas-karamelizetu-sipolu-gars-kraukskigas-45-40g\/"},"modified":"2026-03-10T15:00:12","modified_gmt":"2026-03-10T13:00:12","slug":"bumbinas-siera-dziugas-karamelizetu-sipolu-gars-kraukskigas-45-40g","status":"publish","type":"product","link":"https:\/\/rezekne.citro.lv\/ru\/product\/bumbinas-siera-dziugas-karamelizetu-sipolu-gars-kraukskigas-45-40g\/","title":{"rendered":"BUMBI\u0145AS SIERA D\u017dIUGAS KARAMELIZ\u0112TU S\u012aPOLU GAR\u0160 KRAUK\u0160\u0136\u012aGAS 45% 40G"},"content":{"rendered":"<p>Izcelsmes valsts: Lietuva<\/p>\n","protected":false},"excerpt":{"rendered":"<p>54.75 \u20ac\/KG<\/p>\n","protected":false},"featured_media":84024,"template":"","meta":{"_acf_changed":false,"inline_featured_image":false},"product_cat":[95,225],"product_tag":[],"acf":[],"aioseo_notices":[],"_links":{"self":[{"href":"https:\/\/rezekne.citro.lv\/ru\/wp-json\/wp\/v2\/product\/83846"}],"collection":[{"href":"https:\/\/rezekne.citro.lv\/ru\/wp-json\/wp\/v2\/product"}],"about":[{"href":"https:\/\/rezekne.citro.lv\/ru\/wp-json\/wp\/v2\/types\/product"}],"wp:featuredmedia":[{"embeddable":true,"href":"https:\/\/rezekne.citro.lv\/ru\/wp-json\/wp\/v2\/media\/84024"}],"wp:attachment":[{"href":"https:\/\/rezekne.citro.lv\/ru\/wp-json\/wp\/v2\/media?parent=83846"}],"wp:term":[{"taxonomy":"product_cat","embeddable":true,"href":"https:\/\/rezekne.citro.lv\/ru\/wp-json\/wp\/v2\/product_cat?post=83846"},{"taxonomy":"product_tag","embeddable":true,"href":"https:\/\/rezekne.citro.lv\/ru\/wp-json\/wp\/v2\/product_tag?post=83846"}],"curies":[{"name":"wp","href":"https:\/\/api.w.org\/{rel}","templated":true}]}}