{"id":83856,"date":"2026-02-26T00:30:42","date_gmt":"2026-02-25T22:30:42","guid":{"rendered":"https:\/\/rezekne.citro.lv\/veikals\/mineraludens-vytautas-naturals-gaz-1-5l\/"},"modified":"2026-04-16T06:03:56","modified_gmt":"2026-04-16T03:03:56","slug":"mineraludens-vytautas-naturals-gaz-1-5l","status":"publish","type":"product","link":"https:\/\/rezekne.citro.lv\/ru\/product\/mineraludens-vytautas-naturals-gaz-1-5l\/","title":{"rendered":"MINER\u0100L\u016aDENS VYTAUTAS NATUR\u0100LS G\u0100Z.1.5L"},"content":{"rendered":"<p>Izcelsmes valsts: Lietuva<\/p>\n","protected":false},"excerpt":{"rendered":"<p>0.50 \u20ac\/L<\/p>\n","protected":false},"featured_media":84025,"template":"","meta":{"_acf_changed":false,"inline_featured_image":false},"product_cat":[106,186],"product_tag":[],"acf":[],"aioseo_notices":[],"_links":{"self":[{"href":"https:\/\/rezekne.citro.lv\/ru\/wp-json\/wp\/v2\/product\/83856"}],"collection":[{"href":"https:\/\/rezekne.citro.lv\/ru\/wp-json\/wp\/v2\/product"}],"about":[{"href":"https:\/\/rezekne.citro.lv\/ru\/wp-json\/wp\/v2\/types\/product"}],"wp:featuredmedia":[{"embeddable":true,"href":"https:\/\/rezekne.citro.lv\/ru\/wp-json\/wp\/v2\/media\/84025"}],"wp:attachment":[{"href":"https:\/\/rezekne.citro.lv\/ru\/wp-json\/wp\/v2\/media?parent=83856"}],"wp:term":[{"taxonomy":"product_cat","embeddable":true,"href":"https:\/\/rezekne.citro.lv\/ru\/wp-json\/wp\/v2\/product_cat?post=83856"},{"taxonomy":"product_tag","embeddable":true,"href":"https:\/\/rezekne.citro.lv\/ru\/wp-json\/wp\/v2\/product_tag?post=83856"}],"curies":[{"name":"wp","href":"https:\/\/api.w.org\/{rel}","templated":true}]}}