{"id":83859,"date":"2026-01-02T00:49:50","date_gmt":"2026-01-01T22:49:50","guid":{"rendered":"https:\/\/rezekne.citro.lv\/veikals\/darzeni-bauer-junior-brokolu-mix-400g\/"},"modified":"2026-04-03T06:28:43","modified_gmt":"2026-04-03T03:28:43","slug":"darzeni-bauer-junior-brokolu-mix-400g","status":"publish","type":"product","link":"https:\/\/rezekne.citro.lv\/ru\/product\/darzeni-bauer-junior-brokolu-mix-400g\/","title":{"rendered":"D\u0100RZE\u0145I BAUER JUNIOR BROKO\u013bU MIX 400G"},"content":{"rendered":"<p>Izcelsmes valsts: Polija<\/p>\n","protected":false},"excerpt":{"rendered":"<p>3.98 \u20ac\/KG<\/p>\n","protected":false},"featured_media":86629,"template":"","meta":{"_acf_changed":false,"inline_featured_image":false},"product_cat":[231,232],"product_tag":[],"acf":[],"aioseo_notices":[],"_links":{"self":[{"href":"https:\/\/rezekne.citro.lv\/ru\/wp-json\/wp\/v2\/product\/83859"}],"collection":[{"href":"https:\/\/rezekne.citro.lv\/ru\/wp-json\/wp\/v2\/product"}],"about":[{"href":"https:\/\/rezekne.citro.lv\/ru\/wp-json\/wp\/v2\/types\/product"}],"wp:featuredmedia":[{"embeddable":true,"href":"https:\/\/rezekne.citro.lv\/ru\/wp-json\/wp\/v2\/media\/86629"}],"wp:attachment":[{"href":"https:\/\/rezekne.citro.lv\/ru\/wp-json\/wp\/v2\/media?parent=83859"}],"wp:term":[{"taxonomy":"product_cat","embeddable":true,"href":"https:\/\/rezekne.citro.lv\/ru\/wp-json\/wp\/v2\/product_cat?post=83859"},{"taxonomy":"product_tag","embeddable":true,"href":"https:\/\/rezekne.citro.lv\/ru\/wp-json\/wp\/v2\/product_tag?post=83859"}],"curies":[{"name":"wp","href":"https:\/\/api.w.org\/{rel}","templated":true}]}}