{"id":83882,"date":"2026-04-23T00:19:15","date_gmt":"2026-04-22T21:19:15","guid":{"rendered":"https:\/\/rezekne.citro.lv\/veikals\/siers-valio-tilsit-skeles-150g\/"},"modified":"2026-05-04T06:02:29","modified_gmt":"2026-05-04T03:02:29","slug":"siers-valio-tilsit-skeles-150g","status":"publish","type":"product","link":"https:\/\/rezekne.citro.lv\/ru\/product\/siers-valio-tilsit-skeles-150g\/","title":{"rendered":"SIERS VALIO TILSIT S\u0136\u0112L\u0112S 150G"},"content":{"rendered":"<p>Izcelsmes valsts: Igaunija<\/p>\n","protected":false},"excerpt":{"rendered":"<p>14.33 \u20ac\/KG<\/p>\n","protected":false},"featured_media":87599,"template":"","meta":{"_acf_changed":false,"inline_featured_image":false},"product_cat":[95,224],"product_tag":[],"acf":[],"aioseo_notices":[],"_links":{"self":[{"href":"https:\/\/rezekne.citro.lv\/ru\/wp-json\/wp\/v2\/product\/83882"}],"collection":[{"href":"https:\/\/rezekne.citro.lv\/ru\/wp-json\/wp\/v2\/product"}],"about":[{"href":"https:\/\/rezekne.citro.lv\/ru\/wp-json\/wp\/v2\/types\/product"}],"wp:featuredmedia":[{"embeddable":true,"href":"https:\/\/rezekne.citro.lv\/ru\/wp-json\/wp\/v2\/media\/87599"}],"wp:attachment":[{"href":"https:\/\/rezekne.citro.lv\/ru\/wp-json\/wp\/v2\/media?parent=83882"}],"wp:term":[{"taxonomy":"product_cat","embeddable":true,"href":"https:\/\/rezekne.citro.lv\/ru\/wp-json\/wp\/v2\/product_cat?post=83882"},{"taxonomy":"product_tag","embeddable":true,"href":"https:\/\/rezekne.citro.lv\/ru\/wp-json\/wp\/v2\/product_tag?post=83882"}],"curies":[{"name":"wp","href":"https:\/\/api.w.org\/{rel}","templated":true}]}}