{"id":84350,"date":"2026-04-23T00:19:44","date_gmt":"2026-04-22T21:19:44","guid":{"rendered":"https:\/\/rezekne.citro.lv\/veikals\/salda-krejuma-jogurts-ar-melnajiem-kirsiem-5-400g-baltais\/"},"modified":"2026-04-28T06:02:37","modified_gmt":"2026-04-28T03:02:37","slug":"salda-krejuma-jogurts-ar-melnajiem-kirsiem-5-400g-baltais","status":"publish","type":"product","link":"https:\/\/rezekne.citro.lv\/ru\/product\/salda-krejuma-jogurts-ar-melnajiem-kirsiem-5-400g-baltais\/","title":{"rendered":"SALD\u0100 KR\u0112JUMA JOGURTS AR MELNAJIEM \u0136IR\u0160IEM 5% 400G BALTAIS"},"content":{"rendered":"<p>Izcelsmes valsts: Latvija<\/p>\n","protected":false},"excerpt":{"rendered":"<p>3.98 \u20ac\/KG<\/p>\n","protected":false},"featured_media":68727,"template":"","meta":{"_acf_changed":false,"inline_featured_image":false},"product_cat":[95,100],"product_tag":[],"acf":[],"aioseo_notices":[],"_links":{"self":[{"href":"https:\/\/rezekne.citro.lv\/ru\/wp-json\/wp\/v2\/product\/84350"}],"collection":[{"href":"https:\/\/rezekne.citro.lv\/ru\/wp-json\/wp\/v2\/product"}],"about":[{"href":"https:\/\/rezekne.citro.lv\/ru\/wp-json\/wp\/v2\/types\/product"}],"wp:featuredmedia":[{"embeddable":true,"href":"https:\/\/rezekne.citro.lv\/ru\/wp-json\/wp\/v2\/media\/68727"}],"wp:attachment":[{"href":"https:\/\/rezekne.citro.lv\/ru\/wp-json\/wp\/v2\/media?parent=84350"}],"wp:term":[{"taxonomy":"product_cat","embeddable":true,"href":"https:\/\/rezekne.citro.lv\/ru\/wp-json\/wp\/v2\/product_cat?post=84350"},{"taxonomy":"product_tag","embeddable":true,"href":"https:\/\/rezekne.citro.lv\/ru\/wp-json\/wp\/v2\/product_tag?post=84350"}],"curies":[{"name":"wp","href":"https:\/\/api.w.org\/{rel}","templated":true}]}}