{"id":84354,"date":"2026-01-15T00:03:56","date_gmt":"2026-01-14T22:03:56","guid":{"rendered":"https:\/\/rezekne.citro.lv\/veikals\/maisijums-darzenu-bauer-ar-kartupeliem-un-senem-400g\/"},"modified":"2026-04-04T06:03:00","modified_gmt":"2026-04-04T03:03:00","slug":"maisijums-darzenu-bauer-ar-kartupeliem-un-senem-400g","status":"publish","type":"product","link":"https:\/\/rezekne.citro.lv\/ru\/product\/maisijums-darzenu-bauer-ar-kartupeliem-un-senem-400g\/","title":{"rendered":"MAIS\u012aJUMS DARZ\u0112\u0145U BAUER AR KARTUPE\u013bIEM UN S\u0112N\u0112M 400G"},"content":{"rendered":"<p>Izcelsmes valsts: Polija<\/p>\n","protected":false},"excerpt":{"rendered":"<p>3.98 \u20ac\/KG<\/p>\n","protected":false},"featured_media":85643,"template":"","meta":{"_acf_changed":false,"inline_featured_image":false},"product_cat":[231,232],"product_tag":[],"acf":[],"aioseo_notices":[],"_links":{"self":[{"href":"https:\/\/rezekne.citro.lv\/ru\/wp-json\/wp\/v2\/product\/84354"}],"collection":[{"href":"https:\/\/rezekne.citro.lv\/ru\/wp-json\/wp\/v2\/product"}],"about":[{"href":"https:\/\/rezekne.citro.lv\/ru\/wp-json\/wp\/v2\/types\/product"}],"wp:featuredmedia":[{"embeddable":true,"href":"https:\/\/rezekne.citro.lv\/ru\/wp-json\/wp\/v2\/media\/85643"}],"wp:attachment":[{"href":"https:\/\/rezekne.citro.lv\/ru\/wp-json\/wp\/v2\/media?parent=84354"}],"wp:term":[{"taxonomy":"product_cat","embeddable":true,"href":"https:\/\/rezekne.citro.lv\/ru\/wp-json\/wp\/v2\/product_cat?post=84354"},{"taxonomy":"product_tag","embeddable":true,"href":"https:\/\/rezekne.citro.lv\/ru\/wp-json\/wp\/v2\/product_tag?post=84354"}],"curies":[{"name":"wp","href":"https:\/\/api.w.org\/{rel}","templated":true}]}}