{"id":84366,"date":"2026-04-23T00:31:39","date_gmt":"2026-04-22T21:31:39","guid":{"rendered":"https:\/\/rezekne.citro.lv\/veikals\/konservi-bretlinas-apceptas-tomatu-merce-banga-240g\/"},"modified":"2026-05-04T06:03:06","modified_gmt":"2026-05-04T03:03:06","slug":"konservi-bretlinas-apceptas-tomatu-merce-banga-240g","status":"publish","type":"product","link":"https:\/\/rezekne.citro.lv\/ru\/product\/konservi-bretlinas-apceptas-tomatu-merce-banga-240g\/","title":{"rendered":"KONSERVI BRETLI\u0145AS APCEPTAS TOM\u0100TU M\u0112RC\u0112 BANGA 240G"},"content":{"rendered":"<p>Izcelsmes valsts: Latvija<\/p>\n","protected":false},"excerpt":{"rendered":"<p>7.29 \u20ac\/L<\/p>\n","protected":false},"featured_media":91316,"template":"","meta":{"_acf_changed":false,"inline_featured_image":false},"product_cat":[135,136],"product_tag":[],"acf":[],"aioseo_notices":[],"_links":{"self":[{"href":"https:\/\/rezekne.citro.lv\/ru\/wp-json\/wp\/v2\/product\/84366"}],"collection":[{"href":"https:\/\/rezekne.citro.lv\/ru\/wp-json\/wp\/v2\/product"}],"about":[{"href":"https:\/\/rezekne.citro.lv\/ru\/wp-json\/wp\/v2\/types\/product"}],"wp:featuredmedia":[{"embeddable":true,"href":"https:\/\/rezekne.citro.lv\/ru\/wp-json\/wp\/v2\/media\/91316"}],"wp:attachment":[{"href":"https:\/\/rezekne.citro.lv\/ru\/wp-json\/wp\/v2\/media?parent=84366"}],"wp:term":[{"taxonomy":"product_cat","embeddable":true,"href":"https:\/\/rezekne.citro.lv\/ru\/wp-json\/wp\/v2\/product_cat?post=84366"},{"taxonomy":"product_tag","embeddable":true,"href":"https:\/\/rezekne.citro.lv\/ru\/wp-json\/wp\/v2\/product_tag?post=84366"}],"curies":[{"name":"wp","href":"https:\/\/api.w.org\/{rel}","templated":true}]}}