{"id":84415,"date":"2026-04-15T00:02:53","date_gmt":"2026-04-14T21:02:53","guid":{"rendered":"https:\/\/rezekne.citro.lv\/veikals\/batonins-axa-ar-dzervenem-rozinem-seklam-un-medu-30g\/"},"modified":"2026-04-28T06:02:31","modified_gmt":"2026-04-28T03:02:31","slug":"batonins-axa-ar-dzervenem-rozinem-seklam-un-medu-30g","status":"publish","type":"product","link":"https:\/\/rezekne.citro.lv\/ru\/product\/batonins-axa-ar-dzervenem-rozinem-seklam-un-medu-30g\/","title":{"rendered":"BATONI\u0145\u0160 AXA AR DZ\u0112RVEN\u0112M, ROZ\u012aN\u0112M, S\u0112KL\u0100M UN MEDU 30G"},"content":{"rendered":"<p>Izcelsmes valsts: Ukraina<\/p>\n","protected":false},"excerpt":{"rendered":"<p>33.00 \u20ac\/KG<\/p>\n","protected":false},"featured_media":86592,"template":"","meta":{"_acf_changed":false,"inline_featured_image":false},"product_cat":[125,126],"product_tag":[],"acf":[],"aioseo_notices":[],"_links":{"self":[{"href":"https:\/\/rezekne.citro.lv\/ru\/wp-json\/wp\/v2\/product\/84415"}],"collection":[{"href":"https:\/\/rezekne.citro.lv\/ru\/wp-json\/wp\/v2\/product"}],"about":[{"href":"https:\/\/rezekne.citro.lv\/ru\/wp-json\/wp\/v2\/types\/product"}],"wp:featuredmedia":[{"embeddable":true,"href":"https:\/\/rezekne.citro.lv\/ru\/wp-json\/wp\/v2\/media\/86592"}],"wp:attachment":[{"href":"https:\/\/rezekne.citro.lv\/ru\/wp-json\/wp\/v2\/media?parent=84415"}],"wp:term":[{"taxonomy":"product_cat","embeddable":true,"href":"https:\/\/rezekne.citro.lv\/ru\/wp-json\/wp\/v2\/product_cat?post=84415"},{"taxonomy":"product_tag","embeddable":true,"href":"https:\/\/rezekne.citro.lv\/ru\/wp-json\/wp\/v2\/product_tag?post=84415"}],"curies":[{"name":"wp","href":"https:\/\/api.w.org\/{rel}","templated":true}]}}